{"id":287,"date":"2020-01-07T19:51:34","date_gmt":"2020-01-07T18:51:34","guid":{"rendered":"https:\/\/gostilna-zerjav.com\/ristorante\/"},"modified":"2023-11-27T10:08:47","modified_gmt":"2023-11-27T09:08:47","slug":"ristorante","status":"publish","type":"page","link":"https:\/\/gostilna-zerjav.com\/it\/ristorante\/","title":{"rendered":"Ristorante"},"content":{"rendered":"\n\n\t\t<h2>\n\t\t\tRISTORANTE\n\t\t<\/h2>\n\t<h3>Vi offriamo autentiche specialit\u00e0 fatte in casa e piatti culinari internazionali.<\/h3>\n<p>La nostra locanda pu\u00f2 accogliere fino a 90 persone. Accogliamo ospiti tutti i giorni, tranne i luned\u00ec dalle 10.00 alle 22.00. Invitiamo i gruppi chiusi a prenotare lo spazio per eventi speciali compilando prima il formulario in basso.<\/p>\n<p>Tra i nostri piatti pi\u00f9 richiesti potete trovare il pollo fritto fatto in casa, ottimo dopo una lunga giornata passata a Tromeja o a Planica. Gli amanti della cucina slovena scelgono normalmente le salsicce di cragno (kranjska klobasa) e specialit\u00e0 di carne di maiale preparata in casa.<\/p>\n<p>Molti turisti rimangono colpiti dalle specialit\u00e0 culinarie. Tra queste potete trovare durante tutto l&#8217;anno le\u00a0<strong>carpe di Rate\u010de,<\/strong>\u00a0e in stagione le tagliatelle con funghi porcini locali. Naturalmente non pu\u00f2 mancare la zuppa, accompagnata dal pane fatto in casa, cotto nel forno a legna.<\/p>\n\t<a href=\"https:\/\/gostilna-zerjav.com\/wp-content\/uploads\/2023\/11\/MENI-ZERJAV-2022.pdf\" target=\"_blank\" role=\"button\" rel=\"noopener\" aria-label=\"MENU (PDF)\">\n\t\t\t\t\t\tMENU (PDF)\n\t\t\t\t\t<\/a>\n\t<h2><strong>Ristorante<\/strong><\/h2>\n\t<table border=\"0\" cellspacing=\"1\" cellpadding=\"1\">\n<tbody>\n<tr>\n<td width=\"527\"><strong>PIATTI PRONTI<\/strong><\/td>\n<td width=\"49\"><\/td>\n<\/tr>\n<tr>\n<td>\nArosto di maiale<\/td>\n\n<\/tr>\n<tr>\n\n\n<\/tr>\n<tr>\n<td>\nManzo lesso con rafano<\/td>\n\n<\/tr>\n<tr>\n\n\n<\/tr>\n<tr>\n\n\n<\/tr>\n<tr>\n\n\n<\/tr>\n<tr>\n<td><strong>PER BAMBINI<\/strong><\/td>\n\n<\/tr>\n<tr>\n<td>Tacchino milanese a la Dule<\/td>\n\n<\/tr>\n<tr>\n\n\n<\/tr>\n<tr>\n<td><strong>ANTIPASTI FREDDI<\/strong><\/td>\n\n<\/tr>\n<tr>\n<td>Prosciutto del Carso con olive<\/td>\n\n<\/tr>\n<tr>\n<td>Affettato casalingo<\/td>\n\n<\/tr>\n<tr>\n<td>Salsiccia in lardo tritato<\/td>\n\n<\/tr>\n<tr>\n<td>Bistecca alla tartara (per 2)<\/td>\n\n<\/tr>\n<tr>\n\n\n<\/tr>\n<tr>\n<td>Pane con lardo tritato<\/td>\n\n<\/tr>\n<tr>\n\n\n<\/tr>\n<tr>\n<td><strong>BRODI<\/strong><\/td>\n\n<\/tr>\n<tr>\n<td>Brodo con tagliatelle<\/td>\n\n<\/tr>\n<tr>\n<td>Brodo con uovo<\/td>\n\n<\/tr>\n<tr>\n<td>Brodo di manzo con omlette<\/td>\n\n<\/tr>\n<tr>\n\n\n<\/tr>\n<tr>\n<td>Minestra di funghi<\/td>\n\n<\/tr>\n<tr>\n<td>Minestra di pomodoro<\/td>\n\n<\/tr>\n<tr>\n\n\n<\/tr>\n<tr>\n<td><strong>PRIMI PIATTI<\/strong><\/td>\n\n<\/tr>\n<tr>\n\n\n<\/tr>\n<tr>\n<td>Spaghetti alla Bolognese<\/td>\n\n<\/tr>\n<tr>\n<td>Spaghetti Carbonara<\/td>\n\n<\/tr>\n<tr>\n\n\n<\/tr>\n<tr>\n<td>Formaggio fritto<\/td>\n\n<\/tr>\n<tr>\n\n\n<\/tr>\n<tr>\n<td>Krapi di Rate\u010de (ravioli ripieni -specialita culinaria)<\/td>\n\n<\/tr>\n<tr>\n\n\n<\/tr>\n<tr>\n<td><strong>PESCI<\/strong><\/td>\n\n<\/tr>\n<tr>\n<td>Trota alla Triestina con contorno<\/td>\n\n<\/tr>\n<tr>\n<td>Orata con contorno<\/td>\n\n<\/tr>\n<tr>\n\n\n<\/tr>\n<tr>\n\n\n<\/tr>\n<tr>\n\n\n<\/tr>\n<tr>\n<td><strong>CALAMARI<\/strong><\/td>\n\n<\/tr>\n<tr>\n<td>Calamari ai ferri<\/td>\n\n<\/tr>\n<tr>\n<td>Calamari fritti<\/td>\n\n<\/tr>\n<tr>\n<td>Calamari ripieni<\/td>\n\n<\/tr>\n<tr>\n<td>Calamari tris<\/td>\n\n<\/tr>\n<tr>\n<td>Calamari (per 2 pers.)<\/td>\n\n<\/tr>\n<tr>\n\n\n<\/tr>\n<tr>\n<td><strong>PIATTI A RICHIESTA<\/strong><\/td>\n\n<\/tr>\n<tr>\n\n\n<\/tr>\n<tr>\n<td>Pollo fritto ( 1\/ 2) specialita della casa nr.1<\/td>\n\n<\/tr>\n<tr>\n<td>Fegato di vitello con contorno<\/td>\n\n<\/tr>\n<tr>\n<td>Salsiccia di Carniola con insalata di patate<\/td>\n\n<\/tr>\n<tr>\n<td>Scaloppina al naturale \/viennese \/parigina<\/td>\n\n<\/tr>\n<tr>\n<td>Cordonblue<\/td>\n\n<\/tr>\n<tr>\n<td>Scaloppina con funghi<\/td>\n\n<\/tr>\n<tr>\n<td>Bistecca con cipolle<\/td>\n\n<\/tr>\n<tr>\n<td>Scaloppina di tacchino con sugo di pana<\/td>\n\n<\/tr>\n<tr>\n<td>Scaloppina<\/td>\n\n<\/tr>\n<tr>\n\n\n<\/tr>\n<tr>\n<td>Rane fritte<\/td>\n\n<\/tr>\n<tr>\n\n\n<\/tr>\n<tr>\n\n\n<\/tr>\n<tr>\n<td><strong>PIATTI ALLA GRIGLIA<\/strong><\/td>\n\n<\/tr>\n<tr>\n<td>Filetto con I uovo<\/td>\n\n<\/tr>\n<tr>\n<td>Filetto al pepe<\/td>\n\n<\/tr>\n<tr>\n<td>Filetto di manzo con funghi<\/td>\n\n<\/tr>\n<tr>\n<td>Bistecca alla contadina<\/td>\n\n<\/tr>\n<tr>\n<td>Brociola di maiale<\/td>\n\n<\/tr>\n<tr>\n<td>Bistecca ai ferri<\/td>\n\n<\/tr>\n<tr>\n\n\n<\/tr>\n<tr>\n<td>Carne mista alla gratella<\/td>\n\n<\/tr>\n<tr>\n<td>Piatto balcanico (per2)<\/td>\n\n<\/tr>\n<tr>\n<td>\u010cevap\u010di\u010di<\/td>\n\n<\/tr>\n<tr>\n\n\n<\/tr>\n<tr>\n<td>Spiedini<\/td>\n\n<\/tr>\n<tr>\n\n\n<\/tr>\n<tr>\n<td><strong>PIATTI CON FUNGHI<\/strong><\/td>\n\n<\/tr>\n<tr>\n\n\n<\/tr>\n<tr>\n<td>Risotto con funghi<\/td>\n\n<\/tr>\n<tr>\n<td>Funghi ai ferri<\/td>\n\n<\/tr>\n<tr>\n<td>Funghi fritti<\/td>\n\n<\/tr>\n<tr>\n<td>Tagliatelle di casa con funghi (ricetta di Stane Dolanc)<\/td>\n\n<\/tr>\n<tr>\n\n\n<\/tr>\n<tr>\n\n\n<\/tr>\n<tr>\n<td><strong>CONTORNI<\/strong><\/td>\n\n<\/tr>\n<tr>\n<td>Patate lesse<\/td>\n\n<\/tr>\n<tr>\n<td>Patate in tecia<\/td>\n\n<\/tr>\n<tr>\n<td>Patatte fritte<\/td>\n\n<\/tr>\n<tr>\n<td>Riso bullito<\/td>\n\n<\/tr>\n<tr>\n<td>Crochette<\/td>\n\n<\/tr>\n<tr>\n<td>Polenta d igrano saraceno<\/td>\n\n<\/tr>\n<tr>\n\n\n<\/tr>\n<tr>\n<td>Buffet di insalate<\/td>\n\n<\/tr>\n<tr>\n\n\n<\/tr>\n<tr>\n<td><strong>DOLCI<\/strong><\/td>\n\n<\/tr>\n<tr>\n\n\n<\/tr>\n<tr>\n<td>Strudel di mela o mirtilli<\/td>\n\n<\/tr>\n<tr>\n<td>Gelato con frutti di bosco<\/td>\n\n<\/tr>\n<tr>\n\n\n<\/tr>\n<tr>\n<td>Omlette a scelta<\/td>\n\n<\/tr>\n<tr>\n<td>Omlette stefanie (per 4)<\/td>\n\n<\/tr>\n<tr>\n<td>Gibanica<\/td>\n\n<\/tr>\n<tr>\n<td>Rotolo alla ricota<\/td>\n\n<\/tr>\n<tr>\n<td>Sorbetto<\/td>\n\n<\/tr>\n<tr>\n<td>Semifredo<\/td>\n\n<\/tr>\n<\/tbody>\n<\/table>\n\t\t\t\t<a\n\t\t\thref=\"https:\/\/gostilna-zerjav.com\/wp-content\/uploads\/2019\/11\/97d0b1f7-a98a-4f09-b66e-cdbfe5451489-1024x768.jpg\"\n\t\t\t\t\t\tdata-fancybox=\"images\" \n\t\t\ttitle=\"97d0b1f7-a98a-4f09-b66e-cdbfe5451489\" \n\t\t\t\t\t\tdata-caption=\"\"\n\t\t\t\t\t\tdata-description=\"\" \n\t\t\titemprop=\"contentUrl\">\n\t\t\t<img loading=\"lazy\" src=\"https:\/\/gostilna-zerjav.com\/wp-content\/uploads\/2019\/11\/97d0b1f7-a98a-4f09-b66e-cdbfe5451489-1024x768.jpg\" alt=\"\" data-no-lazy=\"1\" itemprop=\"thumbnail\" width=\"1024\" height=\"768\" \/>\n\t\t\t<!-- Overlay Wrapper -->\n\t\t\t <!-- Overlay Wrapper Closed -->\n\t\t\t\t<\/a>\n\t\t\t\t\t\t\t<meta itemprop=\"width\" content=\"1024\" \/>\n\t\t\t<meta itemprop=\"height\" content=\"768\" \/>\n\t\t\t\t<a\n\t\t\thref=\"https:\/\/gostilna-zerjav.com\/wp-content\/uploads\/2023\/11\/LiparDesignPhotography-06291.jpg\"\n\t\t\t\t\t\tdata-fancybox=\"images\" \n\t\t\ttitle=\"LiparDesignPhotography-06291\" \n\t\t\t\t\t\tdata-caption=\"\"\n\t\t\t\t\t\tdata-description=\"\" \n\t\t\titemprop=\"contentUrl\">\n\t\t\t<img loading=\"lazy\" src=\"https:\/\/gostilna-zerjav.com\/wp-content\/uploads\/2023\/11\/LiparDesignPhotography-06291.jpg\" alt=\"\" data-no-lazy=\"1\" itemprop=\"thumbnail\" width=\"7952\" height=\"5304\" \/>\n\t\t\t<!-- Overlay Wrapper -->\n\t\t\t <!-- Overlay Wrapper Closed -->\n\t\t\t\t<\/a>\n\t\t\t\t\t\t\t<meta itemprop=\"width\" content=\"7952\" \/>\n\t\t\t<meta itemprop=\"height\" content=\"5304\" \/>\n\t\t\t\t<a\n\t\t\thref=\"https:\/\/gostilna-zerjav.com\/wp-content\/uploads\/2023\/02\/hrana-gostilna-2-577x1024.jpg\"\n\t\t\t\t\t\tdata-fancybox=\"images\" \n\t\t\ttitle=\"hrana gostilna 2\" \n\t\t\t\t\t\tdata-caption=\"\"\n\t\t\t\t\t\tdata-description=\"\" \n\t\t\titemprop=\"contentUrl\">\n\t\t\t<img loading=\"lazy\" src=\"https:\/\/gostilna-zerjav.com\/wp-content\/uploads\/2023\/02\/hrana-gostilna-2-577x1024.jpg\" alt=\"\" data-no-lazy=\"1\" itemprop=\"thumbnail\" width=\"577\" height=\"1024\" \/>\n\t\t\t<!-- Overlay Wrapper -->\n\t\t\t <!-- Overlay Wrapper Closed -->\n\t\t\t\t<\/a>\n\t\t\t\t\t\t\t<meta itemprop=\"width\" content=\"577\" \/>\n\t\t\t<meta itemprop=\"height\" content=\"1024\" \/>\n\t\t\t\t<a\n\t\t\thref=\"https:\/\/gostilna-zerjav.com\/wp-content\/uploads\/2023\/02\/LiparDesignPhotography-06295.jpg\"\n\t\t\t\t\t\tdata-fancybox=\"images\" \n\t\t\ttitle=\"LiparDesignPhotography-06295\" \n\t\t\t\t\t\tdata-caption=\"\"\n\t\t\t\t\t\tdata-description=\"\" \n\t\t\titemprop=\"contentUrl\">\n\t\t\t<img loading=\"lazy\" src=\"https:\/\/gostilna-zerjav.com\/wp-content\/uploads\/2023\/02\/LiparDesignPhotography-06295.jpg\" alt=\"\" data-no-lazy=\"1\" itemprop=\"thumbnail\" width=\"7952\" height=\"5304\" \/>\n\t\t\t<!-- Overlay Wrapper -->\n\t\t\t <!-- Overlay Wrapper Closed -->\n\t\t\t\t<\/a>\n\t\t\t\t\t\t\t<meta itemprop=\"width\" content=\"7952\" \/>\n\t\t\t<meta itemprop=\"height\" content=\"5304\" \/>\n\t\t\t\t<a\n\t\t\thref=\"https:\/\/gostilna-zerjav.com\/wp-content\/uploads\/2023\/02\/hrana-gostilna-3-717x1024.jpg\"\n\t\t\t\t\t\tdata-fancybox=\"images\" \n\t\t\ttitle=\"hrana gostilna 3\" \n\t\t\t\t\t\tdata-caption=\"\"\n\t\t\t\t\t\tdata-description=\"\" \n\t\t\titemprop=\"contentUrl\">\n\t\t\t<img loading=\"lazy\" src=\"https:\/\/gostilna-zerjav.com\/wp-content\/uploads\/2023\/02\/hrana-gostilna-3-717x1024.jpg\" alt=\"\" data-no-lazy=\"1\" itemprop=\"thumbnail\" width=\"717\" height=\"1024\" \/>\n\t\t\t<!-- Overlay Wrapper -->\n\t\t\t <!-- Overlay Wrapper Closed -->\n\t\t\t\t<\/a>\n\t\t\t\t\t\t\t<meta itemprop=\"width\" content=\"717\" \/>\n\t\t\t<meta itemprop=\"height\" content=\"1024\" \/>\n\t\t\t\t<a\n\t\t\thref=\"https:\/\/gostilna-zerjav.com\/wp-content\/uploads\/2020\/01\/gostilna-zerjav.jpg\"\n\t\t\t\t\t\tdata-fancybox=\"images\" \n\t\t\ttitle=\"gostilna zerjav\" \n\t\t\t\t\t\tdata-caption=\"\"\n\t\t\t\t\t\tdata-description=\"\" \n\t\t\titemprop=\"contentUrl\">\n\t\t\t<img loading=\"lazy\" src=\"https:\/\/gostilna-zerjav.com\/wp-content\/uploads\/2020\/01\/gostilna-zerjav.jpg\" alt=\"\" data-no-lazy=\"1\" itemprop=\"thumbnail\" width=\"1000\" height=\"750\" \/>\n\t\t\t<!-- Overlay Wrapper -->\n\t\t\t <!-- Overlay Wrapper Closed -->\n\t\t\t\t<\/a>\n\t\t\t\t\t\t\t<meta itemprop=\"width\" content=\"1000\" \/>\n\t\t\t<meta itemprop=\"height\" content=\"750\" \/>\n\t\t\t\t<a\n\t\t\thref=\"https:\/\/gostilna-zerjav.com\/wp-content\/uploads\/2023\/02\/hrana-gostilna-1.jpg\"\n\t\t\t\t\t\tdata-fancybox=\"images\" \n\t\t\ttitle=\"hrana gostilna 1\" \n\t\t\t\t\t\tdata-caption=\"\"\n\t\t\t\t\t\tdata-description=\"\" \n\t\t\titemprop=\"contentUrl\">\n\t\t\t<img loading=\"lazy\" src=\"https:\/\/gostilna-zerjav.com\/wp-content\/uploads\/2023\/02\/hrana-gostilna-1.jpg\" alt=\"\" data-no-lazy=\"1\" itemprop=\"thumbnail\" width=\"600\" height=\"338\" \/>\n\t\t\t<!-- Overlay Wrapper -->\n\t\t\t <!-- Overlay Wrapper Closed -->\n\t\t\t\t<\/a>\n\t\t\t\t\t\t\t<meta itemprop=\"width\" content=\"600\" \/>\n\t\t\t<meta itemprop=\"height\" content=\"338\" \/>\n\t\t\t\t<a\n\t\t\thref=\"https:\/\/gostilna-zerjav.com\/wp-content\/uploads\/2023\/02\/LiparDesignPhotography-06218.jpg\"\n\t\t\t\t\t\tdata-fancybox=\"images\" \n\t\t\ttitle=\"LiparDesignPhotography-06218\" \n\t\t\t\t\t\tdata-caption=\"\"\n\t\t\t\t\t\tdata-description=\"\" \n\t\t\titemprop=\"contentUrl\">\n\t\t\t<img loading=\"lazy\" src=\"https:\/\/gostilna-zerjav.com\/wp-content\/uploads\/2023\/02\/LiparDesignPhotography-06218.jpg\" alt=\"\" data-no-lazy=\"1\" itemprop=\"thumbnail\" width=\"7952\" height=\"5304\" \/>\n\t\t\t<!-- Overlay Wrapper -->\n\t\t\t <!-- Overlay Wrapper Closed -->\n\t\t\t\t<\/a>\n\t\t\t\t\t\t\t<meta itemprop=\"width\" content=\"7952\" \/>\n\t\t\t<meta itemprop=\"height\" content=\"5304\" \/>\n\t\t<h2>Inchiesta<\/h2>\n\t\tInviaci un messaggio e saremo felici di risponderti al pi\u00f9 presto!\n\t\t\t<a href=\"https:\/\/gostilna-zerjav.com\/kontakt\/\" target=\"_self\" role=\"button\" rel=\"noopener\">\n\t\t\t\t\t\t\tCONTATTO\n\t\t\t\t\t<\/a>\n\n","protected":false},"excerpt":{"rendered":"<p>RISTORANTE Vi offriamo autentiche specialit\u00e0 fatte in casa e piatti culinari internazionali. La nostra locanda pu\u00f2 accogliere fino a 90 persone. Accogliamo ospiti tutti i giorni, tranne i luned\u00ec dalle 10.00 alle 22.00. Invitiamo i gruppi chiusi a prenotare lo spazio per eventi speciali compilando prima il formulario in basso. Tra i nostri piatti pi\u00f9&hellip;<\/p>\n","protected":false},"author":1,"featured_media":0,"parent":0,"menu_order":0,"comment_status":"closed","ping_status":"closed","template":"","meta":[],"yoast_head":"<!-- This site is optimized with the Yoast SEO plugin v19.7.2 - https:\/\/yoast.com\/wordpress\/plugins\/seo\/ -->\n<title>Ristorante - Gosti\u0161\u010de pri \u017derjavu<\/title>\n<meta name=\"robots\" content=\"index, follow, max-snippet:-1, max-image-preview:large, max-video-preview:-1\" \/>\n<link rel=\"canonical\" href=\"https:\/\/gostilna-zerjav.com\/it\/ristorante\/\" \/>\n<meta property=\"og:locale\" content=\"it_IT\" \/>\n<meta property=\"og:type\" content=\"article\" \/>\n<meta property=\"og:title\" content=\"Ristorante - Gosti\u0161\u010de pri \u017derjavu\" \/>\n<meta property=\"og:description\" content=\"RISTORANTE Vi offriamo autentiche specialit\u00e0 fatte in casa e piatti culinari internazionali. La nostra locanda pu\u00f2 accogliere fino a 90 persone. Accogliamo ospiti tutti i giorni, tranne i luned\u00ec dalle 10.00 alle 22.00. Invitiamo i gruppi chiusi a prenotare lo spazio per eventi speciali compilando prima il formulario in basso. Tra i nostri piatti pi\u00f9&hellip;\" \/>\n<meta property=\"og:url\" content=\"https:\/\/gostilna-zerjav.com\/it\/ristorante\/\" \/>\n<meta property=\"og:site_name\" content=\"Gosti\u0161\u010de pri \u017derjavu\" \/>\n<meta property=\"article:modified_time\" content=\"2023-11-27T09:08:47+00:00\" \/>\n<meta property=\"og:image\" content=\"https:\/\/gostilna-zerjav.com\/wp-content\/uploads\/2019\/11\/97d0b1f7-a98a-4f09-b66e-cdbfe5451489-1024x768.jpg\" \/>\n<meta name=\"twitter:card\" content=\"summary_large_image\" \/>\n<meta name=\"twitter:label1\" content=\"Tempo di lettura stimato\" \/>\n\t<meta name=\"twitter:data1\" content=\"2 minuti\" \/>\n<script type=\"application\/ld+json\" class=\"yoast-schema-graph\">{\"@context\":\"https:\/\/schema.org\",\"@graph\":[{\"@type\":\"WebPage\",\"@id\":\"https:\/\/gostilna-zerjav.com\/it\/ristorante\/\",\"url\":\"https:\/\/gostilna-zerjav.com\/it\/ristorante\/\",\"name\":\"Ristorante - Gosti\u0161\u010de pri \u017derjavu\",\"isPartOf\":{\"@id\":\"https:\/\/gostilna-zerjav.com\/de\/#website\"},\"datePublished\":\"2020-01-07T18:51:34+00:00\",\"dateModified\":\"2023-11-27T09:08:47+00:00\",\"breadcrumb\":{\"@id\":\"https:\/\/gostilna-zerjav.com\/it\/ristorante\/#breadcrumb\"},\"inLanguage\":\"it-IT\",\"potentialAction\":[{\"@type\":\"ReadAction\",\"target\":[\"https:\/\/gostilna-zerjav.com\/it\/ristorante\/\"]}]},{\"@type\":\"BreadcrumbList\",\"@id\":\"https:\/\/gostilna-zerjav.com\/it\/ristorante\/#breadcrumb\",\"itemListElement\":[{\"@type\":\"ListItem\",\"position\":1,\"name\":\"Home\",\"item\":\"https:\/\/gostilna-zerjav.com\/it\/\"},{\"@type\":\"ListItem\",\"position\":2,\"name\":\"Ristorante\"}]},{\"@type\":\"WebSite\",\"@id\":\"https:\/\/gostilna-zerjav.com\/de\/#website\",\"url\":\"https:\/\/gostilna-zerjav.com\/de\/\",\"name\":\"Gosti\u0161\u010de pri \u017derjavu\",\"description\":\"V Gosti\u0161\u010du pri \u017derjavu vam poleg specialitet doma\u010de kuhinje nudimo tudi preno\u010di\u0161\u010da v prijetno opremljenih sobah.\",\"potentialAction\":[{\"@type\":\"SearchAction\",\"target\":{\"@type\":\"EntryPoint\",\"urlTemplate\":\"https:\/\/gostilna-zerjav.com\/de\/?s={search_term_string}\"},\"query-input\":\"required name=search_term_string\"}],\"inLanguage\":\"it-IT\"}]}<\/script>\n<!-- \/ Yoast SEO plugin. -->","yoast_head_json":{"title":"Ristorante - Gosti\u0161\u010de pri \u017derjavu","robots":{"index":"index","follow":"follow","max-snippet":"max-snippet:-1","max-image-preview":"max-image-preview:large","max-video-preview":"max-video-preview:-1"},"canonical":"https:\/\/gostilna-zerjav.com\/it\/ristorante\/","og_locale":"it_IT","og_type":"article","og_title":"Ristorante - Gosti\u0161\u010de pri \u017derjavu","og_description":"RISTORANTE Vi offriamo autentiche specialit\u00e0 fatte in casa e piatti culinari internazionali. La nostra locanda pu\u00f2 accogliere fino a 90 persone. Accogliamo ospiti tutti i giorni, tranne i luned\u00ec dalle 10.00 alle 22.00. Invitiamo i gruppi chiusi a prenotare lo spazio per eventi speciali compilando prima il formulario in basso. Tra i nostri piatti pi\u00f9&hellip;","og_url":"https:\/\/gostilna-zerjav.com\/it\/ristorante\/","og_site_name":"Gosti\u0161\u010de pri \u017derjavu","article_modified_time":"2023-11-27T09:08:47+00:00","og_image":[{"url":"https:\/\/gostilna-zerjav.com\/wp-content\/uploads\/2019\/11\/97d0b1f7-a98a-4f09-b66e-cdbfe5451489-1024x768.jpg"}],"twitter_card":"summary_large_image","twitter_misc":{"Tempo di lettura stimato":"2 minuti"},"schema":{"@context":"https:\/\/schema.org","@graph":[{"@type":"WebPage","@id":"https:\/\/gostilna-zerjav.com\/it\/ristorante\/","url":"https:\/\/gostilna-zerjav.com\/it\/ristorante\/","name":"Ristorante - Gosti\u0161\u010de pri \u017derjavu","isPartOf":{"@id":"https:\/\/gostilna-zerjav.com\/de\/#website"},"datePublished":"2020-01-07T18:51:34+00:00","dateModified":"2023-11-27T09:08:47+00:00","breadcrumb":{"@id":"https:\/\/gostilna-zerjav.com\/it\/ristorante\/#breadcrumb"},"inLanguage":"it-IT","potentialAction":[{"@type":"ReadAction","target":["https:\/\/gostilna-zerjav.com\/it\/ristorante\/"]}]},{"@type":"BreadcrumbList","@id":"https:\/\/gostilna-zerjav.com\/it\/ristorante\/#breadcrumb","itemListElement":[{"@type":"ListItem","position":1,"name":"Home","item":"https:\/\/gostilna-zerjav.com\/it\/"},{"@type":"ListItem","position":2,"name":"Ristorante"}]},{"@type":"WebSite","@id":"https:\/\/gostilna-zerjav.com\/de\/#website","url":"https:\/\/gostilna-zerjav.com\/de\/","name":"Gosti\u0161\u010de pri \u017derjavu","description":"V Gosti\u0161\u010du pri \u017derjavu vam poleg specialitet doma\u010de kuhinje nudimo tudi preno\u010di\u0161\u010da v prijetno opremljenih sobah.","potentialAction":[{"@type":"SearchAction","target":{"@type":"EntryPoint","urlTemplate":"https:\/\/gostilna-zerjav.com\/de\/?s={search_term_string}"},"query-input":"required name=search_term_string"}],"inLanguage":"it-IT"}]}},"_links":{"self":[{"href":"https:\/\/gostilna-zerjav.com\/it\/wp-json\/wp\/v2\/pages\/287"}],"collection":[{"href":"https:\/\/gostilna-zerjav.com\/it\/wp-json\/wp\/v2\/pages"}],"about":[{"href":"https:\/\/gostilna-zerjav.com\/it\/wp-json\/wp\/v2\/types\/page"}],"author":[{"embeddable":true,"href":"https:\/\/gostilna-zerjav.com\/it\/wp-json\/wp\/v2\/users\/1"}],"replies":[{"embeddable":true,"href":"https:\/\/gostilna-zerjav.com\/it\/wp-json\/wp\/v2\/comments?post=287"}],"version-history":[{"count":11,"href":"https:\/\/gostilna-zerjav.com\/it\/wp-json\/wp\/v2\/pages\/287\/revisions"}],"predecessor-version":[{"id":535,"href":"https:\/\/gostilna-zerjav.com\/it\/wp-json\/wp\/v2\/pages\/287\/revisions\/535"}],"wp:attachment":[{"href":"https:\/\/gostilna-zerjav.com\/it\/wp-json\/wp\/v2\/media?parent=287"}],"curies":[{"name":"wp","href":"https:\/\/api.w.org\/{rel}","templated":true}]}}