{"id":284,"date":"2020-01-07T19:49:38","date_gmt":"2020-01-07T18:49:38","guid":{"rendered":"https:\/\/gostilna-zerjav.com\/contatto\/"},"modified":"2020-01-31T11:18:47","modified_gmt":"2020-01-31T10:18:47","slug":"contatto","status":"publish","type":"page","link":"https:\/\/gostilna-zerjav.com\/it\/contatto\/","title":{"rendered":"Contatto"},"content":{"rendered":"\n\t\t<h2>\n\t\t\tCONTATTO\n\t\t<\/h2>\n<form >\n    <h3>\n\t\t<\/h3>\n\t\n\t\t\n    \t\t<label for=\"pp-name-\">Nome<\/label>\n    \t\tInserisci il tuo nome.\n    \t\t<input type=\"text\" name=\"pp-name\" id=\"pp-name-\" value=\"\" placeholder=\"Nome\"  \/>\n    \t\t<label for=\"pp-email-\">E-mail<\/label>\n    \t\tInserisci un indirizzo email valido.\n    \t\t<input type=\"email\" name=\"pp-email\" id=\"pp-email-\" value=\"\" placeholder=\"E-mail\"  \/>\n    \t\t<label for=\"pp-phone-\">Telefono<\/label>\n    \t\tSi prega di inserire un numero di telefono valido.\n    \t\t<input type=\"tel\" name=\"pp-phone\" id=\"pp-phone-\" value=\"\" placeholder=\"Telefono\"  \/>\n    \t\t<label for=\"pp-message-\">Messagio<\/label>\n    \t\tPer favore inserire un messaggio.\n    \t\t<textarea name=\"pp-message\" id=\"pp-message-\" placeholder=\"Messagio\" ><\/textarea>\n    \t<a href=\"#\" target=\"_self\" role=\"button\" rel=\"noopener noreferrer\">\n    \t\t    \t\t    \t\tSPEDIRE\n    \t\t    \t\t    \t<\/a>\n\t\t\tInvio non riuscito. Per favore riprova.\n<\/form>\n  <p>Grazie per il messaggio, ti risponderemo al pi\u00f9 presto!<\/p>\n\t<iframe src=\"https:\/\/www.google.com\/maps\/embed\/v1\/place?q=Rate%C4%8De+39%2C+4283+Rate%C4%8De+%E2%80%93+Planica&#038;key=AIzaSyD09zQ9PNDNNy9TadMuzRV_UsPUoWKntt8\" aria-hidden=\"true\"><\/iframe>\n\t\t<h2>Inchiesta<\/h2>\n\t\tInviaci un messaggio e saremo felici di risponderti al pi\u00f9 presto!\n\t\t\t<a href=\"https:\/\/gostilna-zerjav.com\/kontakt\/\" target=\"_self\" role=\"button\" rel=\"noopener noreferrer\">\n\t\t\t\t\t\t\tCONTATTO\n\t\t\t\t\t<\/a>\n","protected":false},"excerpt":{"rendered":"<p>CONTATTO Nome Inserisci il tuo nome. E-mail Inserisci un indirizzo email valido. Telefono Si prega di inserire un numero di telefono valido. Messagio Per favore inserire un messaggio. SPEDIRE Invio non riuscito. Per favore riprova. Grazie per il messaggio, ti risponderemo al pi\u00f9 presto!<\/p>\n","protected":false},"author":1,"featured_media":0,"parent":0,"menu_order":0,"comment_status":"closed","ping_status":"closed","template":"","meta":[],"yoast_head":"<!-- This site is optimized with the Yoast SEO plugin v19.7.2 - https:\/\/yoast.com\/wordpress\/plugins\/seo\/ -->\n<title>Contatto - Gosti\u0161\u010de pri \u017derjavu<\/title>\n<meta name=\"robots\" content=\"index, follow, max-snippet:-1, max-image-preview:large, max-video-preview:-1\" \/>\n<link rel=\"canonical\" href=\"https:\/\/gostilna-zerjav.com\/it\/contatto\/\" \/>\n<meta property=\"og:locale\" content=\"it_IT\" \/>\n<meta property=\"og:type\" content=\"article\" \/>\n<meta property=\"og:title\" content=\"Contatto - Gosti\u0161\u010de pri \u017derjavu\" \/>\n<meta property=\"og:description\" content=\"CONTATTO Nome Inserisci il tuo nome. E-mail Inserisci un indirizzo email valido. Telefono Si prega di inserire un numero di telefono valido. Messagio Per favore inserire un messaggio. SPEDIRE Invio non riuscito. Per favore riprova. Grazie per il messaggio, ti risponderemo al pi\u00f9 presto!\" \/>\n<meta property=\"og:url\" content=\"https:\/\/gostilna-zerjav.com\/it\/contatto\/\" \/>\n<meta property=\"og:site_name\" content=\"Gosti\u0161\u010de pri \u017derjavu\" \/>\n<meta property=\"article:modified_time\" content=\"2020-01-31T10:18:47+00:00\" \/>\n<meta name=\"twitter:card\" content=\"summary_large_image\" \/>\n<script type=\"application\/ld+json\" class=\"yoast-schema-graph\">{\"@context\":\"https:\/\/schema.org\",\"@graph\":[{\"@type\":\"WebPage\",\"@id\":\"https:\/\/gostilna-zerjav.com\/it\/contatto\/\",\"url\":\"https:\/\/gostilna-zerjav.com\/it\/contatto\/\",\"name\":\"Contatto - Gosti\u0161\u010de pri \u017derjavu\",\"isPartOf\":{\"@id\":\"https:\/\/gostilna-zerjav.com\/de\/#website\"},\"datePublished\":\"2020-01-07T18:49:38+00:00\",\"dateModified\":\"2020-01-31T10:18:47+00:00\",\"breadcrumb\":{\"@id\":\"https:\/\/gostilna-zerjav.com\/it\/contatto\/#breadcrumb\"},\"inLanguage\":\"it-IT\",\"potentialAction\":[{\"@type\":\"ReadAction\",\"target\":[\"https:\/\/gostilna-zerjav.com\/it\/contatto\/\"]}]},{\"@type\":\"BreadcrumbList\",\"@id\":\"https:\/\/gostilna-zerjav.com\/it\/contatto\/#breadcrumb\",\"itemListElement\":[{\"@type\":\"ListItem\",\"position\":1,\"name\":\"Home\",\"item\":\"https:\/\/gostilna-zerjav.com\/it\/\"},{\"@type\":\"ListItem\",\"position\":2,\"name\":\"Contatto\"}]},{\"@type\":\"WebSite\",\"@id\":\"https:\/\/gostilna-zerjav.com\/de\/#website\",\"url\":\"https:\/\/gostilna-zerjav.com\/de\/\",\"name\":\"Gosti\u0161\u010de pri \u017derjavu\",\"description\":\"V Gosti\u0161\u010du pri \u017derjavu vam poleg specialitet doma\u010de kuhinje nudimo tudi preno\u010di\u0161\u010da v prijetno opremljenih sobah.\",\"potentialAction\":[{\"@type\":\"SearchAction\",\"target\":{\"@type\":\"EntryPoint\",\"urlTemplate\":\"https:\/\/gostilna-zerjav.com\/de\/?s={search_term_string}\"},\"query-input\":\"required name=search_term_string\"}],\"inLanguage\":\"it-IT\"}]}<\/script>\n<!-- \/ Yoast SEO plugin. -->","yoast_head_json":{"title":"Contatto - Gosti\u0161\u010de pri \u017derjavu","robots":{"index":"index","follow":"follow","max-snippet":"max-snippet:-1","max-image-preview":"max-image-preview:large","max-video-preview":"max-video-preview:-1"},"canonical":"https:\/\/gostilna-zerjav.com\/it\/contatto\/","og_locale":"it_IT","og_type":"article","og_title":"Contatto - Gosti\u0161\u010de pri \u017derjavu","og_description":"CONTATTO Nome Inserisci il tuo nome. E-mail Inserisci un indirizzo email valido. Telefono Si prega di inserire un numero di telefono valido. Messagio Per favore inserire un messaggio. SPEDIRE Invio non riuscito. Per favore riprova. Grazie per il messaggio, ti risponderemo al pi\u00f9 presto!","og_url":"https:\/\/gostilna-zerjav.com\/it\/contatto\/","og_site_name":"Gosti\u0161\u010de pri \u017derjavu","article_modified_time":"2020-01-31T10:18:47+00:00","twitter_card":"summary_large_image","schema":{"@context":"https:\/\/schema.org","@graph":[{"@type":"WebPage","@id":"https:\/\/gostilna-zerjav.com\/it\/contatto\/","url":"https:\/\/gostilna-zerjav.com\/it\/contatto\/","name":"Contatto - Gosti\u0161\u010de pri \u017derjavu","isPartOf":{"@id":"https:\/\/gostilna-zerjav.com\/de\/#website"},"datePublished":"2020-01-07T18:49:38+00:00","dateModified":"2020-01-31T10:18:47+00:00","breadcrumb":{"@id":"https:\/\/gostilna-zerjav.com\/it\/contatto\/#breadcrumb"},"inLanguage":"it-IT","potentialAction":[{"@type":"ReadAction","target":["https:\/\/gostilna-zerjav.com\/it\/contatto\/"]}]},{"@type":"BreadcrumbList","@id":"https:\/\/gostilna-zerjav.com\/it\/contatto\/#breadcrumb","itemListElement":[{"@type":"ListItem","position":1,"name":"Home","item":"https:\/\/gostilna-zerjav.com\/it\/"},{"@type":"ListItem","position":2,"name":"Contatto"}]},{"@type":"WebSite","@id":"https:\/\/gostilna-zerjav.com\/de\/#website","url":"https:\/\/gostilna-zerjav.com\/de\/","name":"Gosti\u0161\u010de pri \u017derjavu","description":"V Gosti\u0161\u010du pri \u017derjavu vam poleg specialitet doma\u010de kuhinje nudimo tudi preno\u010di\u0161\u010da v prijetno opremljenih sobah.","potentialAction":[{"@type":"SearchAction","target":{"@type":"EntryPoint","urlTemplate":"https:\/\/gostilna-zerjav.com\/de\/?s={search_term_string}"},"query-input":"required name=search_term_string"}],"inLanguage":"it-IT"}]}},"_links":{"self":[{"href":"https:\/\/gostilna-zerjav.com\/it\/wp-json\/wp\/v2\/pages\/284"}],"collection":[{"href":"https:\/\/gostilna-zerjav.com\/it\/wp-json\/wp\/v2\/pages"}],"about":[{"href":"https:\/\/gostilna-zerjav.com\/it\/wp-json\/wp\/v2\/types\/page"}],"author":[{"embeddable":true,"href":"https:\/\/gostilna-zerjav.com\/it\/wp-json\/wp\/v2\/users\/1"}],"replies":[{"embeddable":true,"href":"https:\/\/gostilna-zerjav.com\/it\/wp-json\/wp\/v2\/comments?post=284"}],"version-history":[{"count":2,"href":"https:\/\/gostilna-zerjav.com\/it\/wp-json\/wp\/v2\/pages\/284\/revisions"}],"predecessor-version":[{"id":346,"href":"https:\/\/gostilna-zerjav.com\/it\/wp-json\/wp\/v2\/pages\/284\/revisions\/346"}],"wp:attachment":[{"href":"https:\/\/gostilna-zerjav.com\/it\/wp-json\/wp\/v2\/media?parent=284"}],"curies":[{"name":"wp","href":"https:\/\/api.w.org\/{rel}","templated":true}]}}