{"id":283,"date":"2020-01-07T19:49:18","date_gmt":"2020-01-07T18:49:18","guid":{"rendered":"https:\/\/gostilna-zerjav.com\/gallery\/"},"modified":"2020-01-07T19:49:18","modified_gmt":"2020-01-07T18:49:18","slug":"gallery","status":"publish","type":"page","link":"https:\/\/gostilna-zerjav.com\/it\/gallery\/","title":{"rendered":"Gallery"},"content":{"rendered":"","protected":false},"excerpt":{"rendered":"","protected":false},"author":1,"featured_media":0,"parent":0,"menu_order":0,"comment_status":"closed","ping_status":"closed","template":"","meta":[],"yoast_head":"<!-- This site is optimized with the Yoast SEO plugin v19.7.2 - https:\/\/yoast.com\/wordpress\/plugins\/seo\/ -->\n<title>Gallery - Gosti\u0161\u010de pri \u017derjavu<\/title>\n<meta name=\"robots\" content=\"index, follow, max-snippet:-1, max-image-preview:large, max-video-preview:-1\" \/>\n<link rel=\"canonical\" href=\"https:\/\/gostilna-zerjav.com\/it\/gallery\/\" \/>\n<meta property=\"og:locale\" content=\"it_IT\" \/>\n<meta property=\"og:type\" content=\"article\" \/>\n<meta property=\"og:title\" content=\"Gallery - Gosti\u0161\u010de pri \u017derjavu\" \/>\n<meta property=\"og:url\" content=\"https:\/\/gostilna-zerjav.com\/it\/gallery\/\" \/>\n<meta property=\"og:site_name\" content=\"Gosti\u0161\u010de pri \u017derjavu\" \/>\n<meta name=\"twitter:card\" content=\"summary_large_image\" \/>\n<script type=\"application\/ld+json\" class=\"yoast-schema-graph\">{\"@context\":\"https:\/\/schema.org\",\"@graph\":[{\"@type\":\"WebPage\",\"@id\":\"https:\/\/gostilna-zerjav.com\/it\/gallery\/\",\"url\":\"https:\/\/gostilna-zerjav.com\/it\/gallery\/\",\"name\":\"Gallery - Gosti\u0161\u010de pri \u017derjavu\",\"isPartOf\":{\"@id\":\"https:\/\/gostilna-zerjav.com\/de\/#website\"},\"datePublished\":\"2020-01-07T18:49:18+00:00\",\"dateModified\":\"2020-01-07T18:49:18+00:00\",\"breadcrumb\":{\"@id\":\"https:\/\/gostilna-zerjav.com\/it\/gallery\/#breadcrumb\"},\"inLanguage\":\"it-IT\",\"potentialAction\":[{\"@type\":\"ReadAction\",\"target\":[\"https:\/\/gostilna-zerjav.com\/it\/gallery\/\"]}]},{\"@type\":\"BreadcrumbList\",\"@id\":\"https:\/\/gostilna-zerjav.com\/it\/gallery\/#breadcrumb\",\"itemListElement\":[{\"@type\":\"ListItem\",\"position\":1,\"name\":\"Home\",\"item\":\"https:\/\/gostilna-zerjav.com\/it\/\"},{\"@type\":\"ListItem\",\"position\":2,\"name\":\"Gallery\"}]},{\"@type\":\"WebSite\",\"@id\":\"https:\/\/gostilna-zerjav.com\/de\/#website\",\"url\":\"https:\/\/gostilna-zerjav.com\/de\/\",\"name\":\"Gosti\u0161\u010de pri \u017derjavu\",\"description\":\"V Gosti\u0161\u010du pri \u017derjavu vam poleg specialitet doma\u010de kuhinje nudimo tudi preno\u010di\u0161\u010da v prijetno opremljenih sobah.\",\"potentialAction\":[{\"@type\":\"SearchAction\",\"target\":{\"@type\":\"EntryPoint\",\"urlTemplate\":\"https:\/\/gostilna-zerjav.com\/de\/?s={search_term_string}\"},\"query-input\":\"required name=search_term_string\"}],\"inLanguage\":\"it-IT\"}]}<\/script>\n<!-- \/ Yoast SEO plugin. -->","yoast_head_json":{"title":"Gallery - Gosti\u0161\u010de pri \u017derjavu","robots":{"index":"index","follow":"follow","max-snippet":"max-snippet:-1","max-image-preview":"max-image-preview:large","max-video-preview":"max-video-preview:-1"},"canonical":"https:\/\/gostilna-zerjav.com\/it\/gallery\/","og_locale":"it_IT","og_type":"article","og_title":"Gallery - Gosti\u0161\u010de pri \u017derjavu","og_url":"https:\/\/gostilna-zerjav.com\/it\/gallery\/","og_site_name":"Gosti\u0161\u010de pri \u017derjavu","twitter_card":"summary_large_image","schema":{"@context":"https:\/\/schema.org","@graph":[{"@type":"WebPage","@id":"https:\/\/gostilna-zerjav.com\/it\/gallery\/","url":"https:\/\/gostilna-zerjav.com\/it\/gallery\/","name":"Gallery - Gosti\u0161\u010de pri \u017derjavu","isPartOf":{"@id":"https:\/\/gostilna-zerjav.com\/de\/#website"},"datePublished":"2020-01-07T18:49:18+00:00","dateModified":"2020-01-07T18:49:18+00:00","breadcrumb":{"@id":"https:\/\/gostilna-zerjav.com\/it\/gallery\/#breadcrumb"},"inLanguage":"it-IT","potentialAction":[{"@type":"ReadAction","target":["https:\/\/gostilna-zerjav.com\/it\/gallery\/"]}]},{"@type":"BreadcrumbList","@id":"https:\/\/gostilna-zerjav.com\/it\/gallery\/#breadcrumb","itemListElement":[{"@type":"ListItem","position":1,"name":"Home","item":"https:\/\/gostilna-zerjav.com\/it\/"},{"@type":"ListItem","position":2,"name":"Gallery"}]},{"@type":"WebSite","@id":"https:\/\/gostilna-zerjav.com\/de\/#website","url":"https:\/\/gostilna-zerjav.com\/de\/","name":"Gosti\u0161\u010de pri \u017derjavu","description":"V Gosti\u0161\u010du pri \u017derjavu vam poleg specialitet doma\u010de kuhinje nudimo tudi preno\u010di\u0161\u010da v prijetno opremljenih sobah.","potentialAction":[{"@type":"SearchAction","target":{"@type":"EntryPoint","urlTemplate":"https:\/\/gostilna-zerjav.com\/de\/?s={search_term_string}"},"query-input":"required name=search_term_string"}],"inLanguage":"it-IT"}]}},"_links":{"self":[{"href":"https:\/\/gostilna-zerjav.com\/it\/wp-json\/wp\/v2\/pages\/283"}],"collection":[{"href":"https:\/\/gostilna-zerjav.com\/it\/wp-json\/wp\/v2\/pages"}],"about":[{"href":"https:\/\/gostilna-zerjav.com\/it\/wp-json\/wp\/v2\/types\/page"}],"author":[{"embeddable":true,"href":"https:\/\/gostilna-zerjav.com\/it\/wp-json\/wp\/v2\/users\/1"}],"replies":[{"embeddable":true,"href":"https:\/\/gostilna-zerjav.com\/it\/wp-json\/wp\/v2\/comments?post=283"}],"version-history":[{"count":0,"href":"https:\/\/gostilna-zerjav.com\/it\/wp-json\/wp\/v2\/pages\/283\/revisions"}],"wp:attachment":[{"href":"https:\/\/gostilna-zerjav.com\/it\/wp-json\/wp\/v2\/media?parent=283"}],"curies":[{"name":"wp","href":"https:\/\/api.w.org\/{rel}","templated":true}]}}