{"id":282,"date":"2020-01-07T19:47:42","date_gmt":"2020-01-07T18:47:42","guid":{"rendered":"https:\/\/gostilna-zerjav.com\/casa\/"},"modified":"2026-04-22T13:05:41","modified_gmt":"2026-04-22T12:05:41","slug":"casa","status":"publish","type":"page","link":"https:\/\/gostilna-zerjav.com\/it\/","title":{"rendered":"Casa"},"content":{"rendered":"\n\n\t\t<h2>\n\t\t\tGosti\u0161\u010de pri \u017derjavu \n\t\t<\/h2>\n\t\t\t\t<img loading=\"lazy\" src=\"https:\/\/gostilna-zerjav.com\/wp-content\/uploads\/2020\/01\/logotip-pri-\u017eerjavu.png\" alt=\"logotip pri \u017eerjavu\" itemprop=\"image\" height=\"424\" width=\"402\" title=\"logotip pri \u017eerjavu\" onerror=\"this.style.display='none'\"  \/>\n\t<a href=\"#kontakt\" target=\"_self\" role=\"button\" aria-label=\"CONTATTO\" rel=\"noopener\">\n\t\t\t\t\t\tCONTATTO\n\t\t\t\t\t<\/a>\n\t\t<h2>\n\t\t\tLA LOCANDA PRI \u017dERJAVU &#8211; RISTORANTE E CAMERE\n\t\t<\/h2>\n\t<h3><strong>Oltre alle specialit\u00e0 della casa, la locanda Pri \u017derjavu vi offre anche la possibilit\u00e0 di alloggiare in sei accoglienti camere da letto.<\/strong><\/h3>\n<p><strong>Invitiamo tutti gli amanti del buon vino e di un&#8217;atmosfera piacevole a prendere posto intorno ai nostri tavoli carichi di bont\u00e0 locali e internazionali.\u00a0<\/strong>Abbiamo accolto i nostri primi ospiti nel 1912, quando i primi proprietari, la nonna Ne\u017ea e il nonno Lojze, hanno aperto la locanda.<\/p>\n<p>Siamo estremamente fieri della nostra lunga tradizione culinaria. Ancora oggi usiamo alcune ricette e rispettiamo i segreti di cucina che si sono sviluppati nelle generazioni. Tra le\u00a0<strong>nostre specialit\u00e0<\/strong>\u00a0potete trovare anche\u00a0<strong>autentici piatti sloveni, preparati con ingredienti locali.<\/strong><\/p>\n<p>Per nostra fortuna ci troviamo nelle immediate vicinanze di Planica e Tromeja. Perci\u00f2 durante l&#8217;estate invitiamo tutti gli escursionisti a riposarsi sul nostro terrazzo ombreggiato e rinforzarsi con il nostro\u00a0<strong>famoso pollo fritto<\/strong>. Durante l&#8217;inverno ci sono numerosi ospiti, amanti degli sport invernali, quelli che vengono a gustare\u00a0<strong>le carpe di Rate\u010de<\/strong>\u00a0e anche persone che decidono di restare pi\u00f9 giorni. Per quanto riguarda Pokljuka, anche noi ne sfruttiamo i vantaggi, specialmente durante la stagione dei funghi, quando potete gustare nella nostra locanda\u00a0<strong>vari piatti di funghi locali.<\/strong>(I prezzi sono indicativi e possono variare. Contattateci per conferma.)<\/p>\n\t<a href=\"https:\/\/gostilna-zerjav.com\/it\/ristorante\/\" target=\"_self\" role=\"button\" aria-label=\"MENU\" rel=\"noopener\">\n\t\t\t\t\t\tMENU\n\t\t\t\t\t<\/a>\n\t\t\t\t<img loading=\"lazy\" src=\"https:\/\/gostilna-zerjav.com\/wp-content\/uploads\/2024\/03\/2dDOEz5K.png\" alt=\"Priznanje Gosti\u0161\u010du pri \u017derjavu - Recommended \" itemprop=\"image\" height=\"565\" width=\"400\" title=\"2dDOEz5K\" onerror=\"this.style.display='none'\"  \/>\n<h4>\n\t\tOltre alle specialit\u00e0 della casa, la locanda Pri \u017derjavu vi offre anche la possibilit\u00e0 di alloggiare in sei accoglienti camere da letto.\n\t<\/h4>\n\t\t<h2>\n\t\t\tMENU\n\t\t<\/h2>\n\t\t\tPESCE E CALAMARI\n\t\t\t\t\t\t<a href=\"\/?page_id=20\" target=\"_self\" role=\"button\" rel=\"noopener\">\n\t\t\t\t\t\t\t<\/a>\n\t\t\tPIATTI A RICHIESTA\n\t\t\t<p>Piatti pronti, antipasti freddi, zuppe, insalate, dessert, pappe e molto altro.<\/p>\n\t\t\t\t\t\t<a href=\"https:\/\/gostilna-zerjav.com\/it\/ristorante\/\" target=\"_self\" role=\"button\" rel=\"noopener\">\n\t\t\t\tMENU\t\t\t<\/a>\n\t\t\tPIATTI ALLA GRIGLIA\n\t\t\t\t\t\t<a href=\"\/?page_id=20\" target=\"_self\" role=\"button\" rel=\"noopener\">\n\t\t\t\t\t\t\t<\/a>\n\t\t<h2>Inchiesta<\/h2>\n\t\tInviaci un messaggio e saremo felici di risponderti al pi\u00f9 presto!\n\t\t\t<a href=\"https:\/\/gostilna-zerjav.com\/kontakt\/\" target=\"_self\" role=\"button\" rel=\"noopener\">\n\t\t\t\t\t\t\tCONTATTO\n\t\t\t\t\t<\/a>\n\t\t<h2>\n\t\t\tNOTIZIE\n\t\t<\/h2>\n\t\t<p>Spiacenti, non siamo riusciti a trovare nessun post. Prova con una ricerca diversa.<\/p>\n\t\t\t\t<form aria-label=\"Cerca\" method=\"get\" role=\"search\" action=\"https:\/\/gostilna-zerjav.com\/it\/\" title=\"Scrivi e premi Invio per cercare.\">\n\t<input aria-label=\"Cerca\" type=\"search\" name=\"s\" placeholder=\"Cerca\"  value=\"\" onfocus=\"if (this.value === 'Cerca') { this.value = ''; }\" onblur=\"if (this.value === '') this.value='Cerca';\" \/>\n<\/form>\n\t\t<h2>\n\t\t\tCAMERE\n\t\t<\/h2>\n\t\t\t\t\t\t\t\t\t<img loading=\"lazy\" src=\"https:\/\/gostilna-zerjav.com\/wp-content\/uploads\/2019\/11\/656f9a91-9f40-46b0-a95b-0f33d55722e7.jpg\" alt=\"656f9a91-9f40-46b0-a95b-0f33d55722e7\" itemprop=\"image\" height=\"600\" width=\"800\" srcset=\"https:\/\/gostilna-zerjav.com\/wp-content\/uploads\/2019\/11\/656f9a91-9f40-46b0-a95b-0f33d55722e7.jpg 800w, https:\/\/gostilna-zerjav.com\/wp-content\/uploads\/2019\/11\/656f9a91-9f40-46b0-a95b-0f33d55722e7-300x225.jpg 300w, https:\/\/gostilna-zerjav.com\/wp-content\/uploads\/2019\/11\/656f9a91-9f40-46b0-a95b-0f33d55722e7-768x576.jpg 768w, https:\/\/gostilna-zerjav.com\/wp-content\/uploads\/2019\/11\/656f9a91-9f40-46b0-a95b-0f33d55722e7-600x450.jpg 600w\" sizes=\"(max-width: 800px) 100vw, 800px\" title=\"656f9a91-9f40-46b0-a95b-0f33d55722e7\" onerror=\"this.style.display='none'\"  \/>\n\t\t\t\t\t\t\t\t\t<img loading=\"lazy\" src=\"https:\/\/gostilna-zerjav.com\/wp-content\/uploads\/2019\/11\/a135f348-6cb2-4670-9a1b-371297d04dd5.jpg\" alt=\"a135f348-6cb2-4670-9a1b-371297d04dd5\" itemprop=\"image\" height=\"600\" width=\"800\" srcset=\"https:\/\/gostilna-zerjav.com\/wp-content\/uploads\/2019\/11\/a135f348-6cb2-4670-9a1b-371297d04dd5.jpg 800w, https:\/\/gostilna-zerjav.com\/wp-content\/uploads\/2019\/11\/a135f348-6cb2-4670-9a1b-371297d04dd5-300x225.jpg 300w, https:\/\/gostilna-zerjav.com\/wp-content\/uploads\/2019\/11\/a135f348-6cb2-4670-9a1b-371297d04dd5-768x576.jpg 768w, https:\/\/gostilna-zerjav.com\/wp-content\/uploads\/2019\/11\/a135f348-6cb2-4670-9a1b-371297d04dd5-600x450.jpg 600w\" sizes=\"(max-width: 800px) 100vw, 800px\" title=\"a135f348-6cb2-4670-9a1b-371297d04dd5\" onerror=\"this.style.display='none'\"  \/>\n\t\t\t\t\t\t\t\t\t<img loading=\"lazy\" src=\"https:\/\/gostilna-zerjav.com\/wp-content\/uploads\/2019\/11\/94d13a8f-e371-4c17-af45-26ef65f51d25.jpg\" alt=\"94d13a8f-e371-4c17-af45-26ef65f51d25\" itemprop=\"image\" height=\"600\" width=\"800\" srcset=\"https:\/\/gostilna-zerjav.com\/wp-content\/uploads\/2019\/11\/94d13a8f-e371-4c17-af45-26ef65f51d25.jpg 800w, https:\/\/gostilna-zerjav.com\/wp-content\/uploads\/2019\/11\/94d13a8f-e371-4c17-af45-26ef65f51d25-300x225.jpg 300w, https:\/\/gostilna-zerjav.com\/wp-content\/uploads\/2019\/11\/94d13a8f-e371-4c17-af45-26ef65f51d25-768x576.jpg 768w, https:\/\/gostilna-zerjav.com\/wp-content\/uploads\/2019\/11\/94d13a8f-e371-4c17-af45-26ef65f51d25-600x450.jpg 600w\" sizes=\"(max-width: 800px) 100vw, 800px\" title=\"94d13a8f-e371-4c17-af45-26ef65f51d25\" onerror=\"this.style.display='none'\"  \/>\n\t<a href=\"https:\/\/gostilna-zerjav.com\/it\/camere\/\" target=\"_self\" role=\"button\" aria-label=\"ALTRE INFORMAZIONI\" rel=\"noopener\">\n\t\t\t\t\t\tALTRE INFORMAZIONI\n\t\t\t\t\t<\/a>\n\t\t<h2>\n\t\t\tContatto\n\t\t<\/h2>\n<form>\n\t<input type=\"hidden\" name=\"fl-layout-id\" value=\"282\" \/>\n    \t\t<label for=\"pp-name-\">Nome<\/label>\n    \t\tInserisci il tuo nome.\n    \t\t<input type=\"text\" name=\"pp-name\" id=\"pp-name-\" value=\"\" placeholder=\"Nome\"  \/>\n    \t\t<label for=\"pp-email-\">E-mail<\/label>\n    \t\tSi prega di inserire un indirizzo email valido.\n    \t\t<input type=\"email\" name=\"pp-email\" id=\"pp-email-\" value=\"\" placeholder=\"E-mail\"  \/>\n    \t\t<label for=\"pp-phone-\">Telefono<\/label>\n    \t\tSi prega di inserire un numero di telefono valido.\n    \t\t<input type=\"tel\" name=\"pp-phone\" id=\"pp-phone-\" value=\"\" placeholder=\"Telefono\"  \/>\n    \t\t<label for=\"pp-message-\">Messagio<\/label>\n    \t\tPlease type your message.\n    \t\t<textarea name=\"pp-message\" id=\"pp-message-\" placeholder=\"Messagio\"><\/textarea>\n    \t<a href=\"#\" target=\"_self\" role=\"button\" rel=\"noopener\">\n    \t\t    \t\t    \t\tSPEDIRE\n    \t\t    \t\t    \t<\/a>\n\t\t\tMessage failed. Please try again.\n<\/form>\n  <p>Grazie per il messaggio, ti risponderemo al pi\u00f9 presto!<\/p>\n\t<iframe src=\"https:\/\/www.google.com\/maps\/embed\/v1\/place?q=Rate%C4%8De+39%2C+4283+Rate%C4%8De+%E2%80%93+Planica&#038;key=AIzaSyD09zQ9PNDNNy9TadMuzRV_UsPUoWKntt8\" aria-hidden=\"true\"><\/iframe>\n\n","protected":false},"excerpt":{"rendered":"<p>Gosti\u0161\u010de pri \u017derjavu CONTATTO LA LOCANDA PRI \u017dERJAVU &#8211; RISTORANTE E CAMERE Oltre alle specialit\u00e0 della casa, la locanda Pri \u017derjavu vi offre anche la possibilit\u00e0 di alloggiare in sei accoglienti camere da letto. Invitiamo tutti gli amanti del buon vino e di un&#8217;atmosfera piacevole a prendere posto intorno ai nostri tavoli carichi di bont\u00e0&hellip;<\/p>\n","protected":false},"author":1,"featured_media":0,"parent":0,"menu_order":0,"comment_status":"closed","ping_status":"closed","template":"","meta":[],"yoast_head":"<!-- This site is optimized with the Yoast SEO plugin v19.7.2 - https:\/\/yoast.com\/wordpress\/plugins\/seo\/ -->\n<title>La Locanda pri \u017derjavu<\/title>\n<meta name=\"description\" content=\"Oltre alle specialit\u00e0 della casa, la locanda Pri \u017derjavu vi offre anche la possibilit\u00e0 di alloggiare in sei accoglienti camere da letto.\" \/>\n<meta name=\"robots\" content=\"index, follow, max-snippet:-1, max-image-preview:large, max-video-preview:-1\" \/>\n<link rel=\"canonical\" href=\"https:\/\/gostilna-zerjav.com\/it\/\" \/>\n<meta property=\"og:locale\" content=\"it_IT\" \/>\n<meta property=\"og:type\" content=\"article\" \/>\n<meta property=\"og:title\" content=\"La Locanda pri \u017derjavu\" \/>\n<meta property=\"og:description\" content=\"Oltre alle specialit\u00e0 della casa, la locanda Pri \u017derjavu vi offre anche la possibilit\u00e0 di alloggiare in sei accoglienti camere da letto.\" \/>\n<meta property=\"og:url\" content=\"https:\/\/gostilna-zerjav.com\/it\/\" \/>\n<meta property=\"og:site_name\" content=\"Gosti\u0161\u010de pri \u017derjavu\" \/>\n<meta property=\"article:modified_time\" content=\"2026-04-22T12:05:41+00:00\" \/>\n<meta property=\"og:image\" content=\"https:\/\/gostilna-zerjav.com\/wp-content\/uploads\/2024\/03\/2dDOEz5K.png\" \/>\n<meta name=\"twitter:card\" content=\"summary_large_image\" \/>\n<meta name=\"twitter:label1\" content=\"Tempo di lettura stimato\" \/>\n\t<meta name=\"twitter:data1\" content=\"2 minuti\" \/>\n<script type=\"application\/ld+json\" class=\"yoast-schema-graph\">{\"@context\":\"https:\/\/schema.org\",\"@graph\":[{\"@type\":\"WebPage\",\"@id\":\"https:\/\/gostilna-zerjav.com\/it\/\",\"url\":\"https:\/\/gostilna-zerjav.com\/it\/\",\"name\":\"La Locanda pri \u017derjavu\",\"isPartOf\":{\"@id\":\"https:\/\/gostilna-zerjav.com\/de\/#website\"},\"datePublished\":\"2020-01-07T18:47:42+00:00\",\"dateModified\":\"2026-04-22T12:05:41+00:00\",\"description\":\"Oltre alle specialit\u00e0 della casa, la locanda Pri \u017derjavu vi offre anche la possibilit\u00e0 di alloggiare in sei accoglienti camere da letto.\",\"breadcrumb\":{\"@id\":\"https:\/\/gostilna-zerjav.com\/it\/#breadcrumb\"},\"inLanguage\":\"it-IT\",\"potentialAction\":[{\"@type\":\"ReadAction\",\"target\":[\"https:\/\/gostilna-zerjav.com\/it\/\"]}]},{\"@type\":\"BreadcrumbList\",\"@id\":\"https:\/\/gostilna-zerjav.com\/it\/#breadcrumb\",\"itemListElement\":[{\"@type\":\"ListItem\",\"position\":1,\"name\":\"Home\",\"item\":\"https:\/\/gostilna-zerjav.com\/it\/\"},{\"@type\":\"ListItem\",\"position\":2,\"name\":\"Casa\"}]},{\"@type\":\"WebSite\",\"@id\":\"https:\/\/gostilna-zerjav.com\/de\/#website\",\"url\":\"https:\/\/gostilna-zerjav.com\/de\/\",\"name\":\"Gosti\u0161\u010de pri \u017derjavu\",\"description\":\"V Gosti\u0161\u010du pri \u017derjavu vam poleg specialitet doma\u010de kuhinje nudimo tudi preno\u010di\u0161\u010da v prijetno opremljenih sobah.\",\"potentialAction\":[{\"@type\":\"SearchAction\",\"target\":{\"@type\":\"EntryPoint\",\"urlTemplate\":\"https:\/\/gostilna-zerjav.com\/de\/?s={search_term_string}\"},\"query-input\":\"required name=search_term_string\"}],\"inLanguage\":\"it-IT\"}]}<\/script>\n<!-- \/ Yoast SEO plugin. -->","yoast_head_json":{"title":"La Locanda pri \u017derjavu","description":"Oltre alle specialit\u00e0 della casa, la locanda Pri \u017derjavu vi offre anche la possibilit\u00e0 di alloggiare in sei accoglienti camere da letto.","robots":{"index":"index","follow":"follow","max-snippet":"max-snippet:-1","max-image-preview":"max-image-preview:large","max-video-preview":"max-video-preview:-1"},"canonical":"https:\/\/gostilna-zerjav.com\/it\/","og_locale":"it_IT","og_type":"article","og_title":"La Locanda pri \u017derjavu","og_description":"Oltre alle specialit\u00e0 della casa, la locanda Pri \u017derjavu vi offre anche la possibilit\u00e0 di alloggiare in sei accoglienti camere da letto.","og_url":"https:\/\/gostilna-zerjav.com\/it\/","og_site_name":"Gosti\u0161\u010de pri \u017derjavu","article_modified_time":"2026-04-22T12:05:41+00:00","og_image":[{"url":"https:\/\/gostilna-zerjav.com\/wp-content\/uploads\/2024\/03\/2dDOEz5K.png"}],"twitter_card":"summary_large_image","twitter_misc":{"Tempo di lettura stimato":"2 minuti"},"schema":{"@context":"https:\/\/schema.org","@graph":[{"@type":"WebPage","@id":"https:\/\/gostilna-zerjav.com\/it\/","url":"https:\/\/gostilna-zerjav.com\/it\/","name":"La Locanda pri \u017derjavu","isPartOf":{"@id":"https:\/\/gostilna-zerjav.com\/de\/#website"},"datePublished":"2020-01-07T18:47:42+00:00","dateModified":"2026-04-22T12:05:41+00:00","description":"Oltre alle specialit\u00e0 della casa, la locanda Pri \u017derjavu vi offre anche la possibilit\u00e0 di alloggiare in sei accoglienti camere da letto.","breadcrumb":{"@id":"https:\/\/gostilna-zerjav.com\/it\/#breadcrumb"},"inLanguage":"it-IT","potentialAction":[{"@type":"ReadAction","target":["https:\/\/gostilna-zerjav.com\/it\/"]}]},{"@type":"BreadcrumbList","@id":"https:\/\/gostilna-zerjav.com\/it\/#breadcrumb","itemListElement":[{"@type":"ListItem","position":1,"name":"Home","item":"https:\/\/gostilna-zerjav.com\/it\/"},{"@type":"ListItem","position":2,"name":"Casa"}]},{"@type":"WebSite","@id":"https:\/\/gostilna-zerjav.com\/de\/#website","url":"https:\/\/gostilna-zerjav.com\/de\/","name":"Gosti\u0161\u010de pri \u017derjavu","description":"V Gosti\u0161\u010du pri \u017derjavu vam poleg specialitet doma\u010de kuhinje nudimo tudi preno\u010di\u0161\u010da v prijetno opremljenih sobah.","potentialAction":[{"@type":"SearchAction","target":{"@type":"EntryPoint","urlTemplate":"https:\/\/gostilna-zerjav.com\/de\/?s={search_term_string}"},"query-input":"required name=search_term_string"}],"inLanguage":"it-IT"}]}},"_links":{"self":[{"href":"https:\/\/gostilna-zerjav.com\/it\/wp-json\/wp\/v2\/pages\/282"}],"collection":[{"href":"https:\/\/gostilna-zerjav.com\/it\/wp-json\/wp\/v2\/pages"}],"about":[{"href":"https:\/\/gostilna-zerjav.com\/it\/wp-json\/wp\/v2\/types\/page"}],"author":[{"embeddable":true,"href":"https:\/\/gostilna-zerjav.com\/it\/wp-json\/wp\/v2\/users\/1"}],"replies":[{"embeddable":true,"href":"https:\/\/gostilna-zerjav.com\/it\/wp-json\/wp\/v2\/comments?post=282"}],"version-history":[{"count":20,"href":"https:\/\/gostilna-zerjav.com\/it\/wp-json\/wp\/v2\/pages\/282\/revisions"}],"predecessor-version":[{"id":736,"href":"https:\/\/gostilna-zerjav.com\/it\/wp-json\/wp\/v2\/pages\/282\/revisions\/736"}],"wp:attachment":[{"href":"https:\/\/gostilna-zerjav.com\/it\/wp-json\/wp\/v2\/media?parent=282"}],"curies":[{"name":"wp","href":"https:\/\/api.w.org\/{rel}","templated":true}]}}