{"id":275,"date":"2020-01-07T19:30:50","date_gmt":"2020-01-07T18:30:50","guid":{"rendered":"https:\/\/gostilna-zerjav.com\/zimmer\/"},"modified":"2026-04-22T13:42:13","modified_gmt":"2026-04-22T12:42:13","slug":"zimmer","status":"publish","type":"page","link":"https:\/\/gostilna-zerjav.com\/de\/zimmer\/","title":{"rendered":"Zimmer"},"content":{"rendered":"\n\n\t\t<h2>\n\t\t\tZIMMER\n\t\t<\/h2>\n\t<h3><strong>Im Gasthaus \u017derjav bieten wir \u00dcbernachtungen in sechs gem\u00fctlich dekorierten Zimmern.<\/strong><\/h3>\n<p>Sie k\u00f6nnen bei uns auch \u00fcbernachten. Es gibt 6 Zimmer zur Verf\u00fcgung &#8211; 3 Zweibettzimmer, zwei Vierbettzimmer, und ein Sechsbettzimmer &#8211; wo es zusammen genug Platz f\u00fcr 20 Personen gibt. In allen Zimmern ist die Stimmung gem\u00fctlich. Alle Zimmer haben ihr eigenes Badezimmer, mache haben auch ein Privates Balkon.<\/p>\n\t<h3><strong>Zweibettzimmer<\/strong><\/h3>\nAnzahl Betten: 2<br \/>\nNummer platz: 2<br \/>\nMinimale \u00dcbernachtungszahl: 1<br \/>\nNummer zweibettzzimmer: 3\n<p>Typ des Betten: 2x Einzelbetten (100 x 200 cm) Ausstattung: Internet, Safe, Haartrockner.<\/p>\n\t\t\t\t<img loading=\"lazy\" src=\"https:\/\/gostilna-zerjav.com\/wp-content\/uploads\/2019\/11\/4f4e5557-36e7-4ea3-bfb7-e56d48cccd29.jpg\" alt=\"4f4e5557-36e7-4ea3-bfb7-e56d48cccd29\" itemprop=\"image\" height=\"667\" width=\"1000\" title=\"4f4e5557-36e7-4ea3-bfb7-e56d48cccd29\" onerror=\"this.style.display='none'\"  \/>\n\t<h3><strong>Vierbettzimmer<br \/>\n<\/strong><\/h3>\nAnzahl Betten: 4<br \/>\nNummer platz: 4<br \/>\nMinimale \u00dcbernachtungszahl: 1\nTyp des Betten:<br \/>\n&#8211; 1x Doppelbett (190 x 200 cm) &#8211;<br \/>\n2x Einzelbetten (100 x 200 cm)\n<p>Ausstattung: Safe, Internet, Haartrockner, Fernsehen, Dusche.<\/p>\n\t\t\t\t<img loading=\"lazy\" src=\"https:\/\/gostilna-zerjav.com\/wp-content\/uploads\/2019\/11\/f12f6d80-7dbb-430c-8f89-cd9c71c2fe11.jpg\" alt=\"f12f6d80-7dbb-430c-8f89-cd9c71c2fe11\" itemprop=\"image\" height=\"667\" width=\"1000\" title=\"f12f6d80-7dbb-430c-8f89-cd9c71c2fe11\" onerror=\"this.style.display='none'\"  \/>\n\t<h3><strong>Vierbettzimmer<\/strong><\/h3>\nAnzahl Betten: 4<br \/>\nNummer platz: 3<br \/>\nMinimale \u00dcbernachtungszahl: 1\nTyp des Betten:<br \/>\n2x Doppelbett (190 x 200 cm)\n<p>Ausstattung: Safe, Internet, Haartrockner, Fernsehen, Dusche.<\/p>\n\t\t\t\t<img loading=\"lazy\" src=\"https:\/\/gostilna-zerjav.com\/wp-content\/uploads\/2019\/11\/656f9a91-9f40-46b0-a95b-0f33d55722e7.jpg\" alt=\"656f9a91-9f40-46b0-a95b-0f33d55722e7\" itemprop=\"image\" height=\"600\" width=\"800\" title=\"656f9a91-9f40-46b0-a95b-0f33d55722e7\" onerror=\"this.style.display='none'\"  \/>\n\t\t\t\t<a\n\t\t\thref=\"https:\/\/gostilna-zerjav.com\/wp-content\/uploads\/2024\/07\/kopalnica-1024x861.jpg\"\n\t\t\t\t\t\tdata-fancybox=\"images\" \n\t\t\ttitle=\"kopalnica\" \n\t\t\t\t\t\tdata-caption=\"\"\n\t\t\t\t\t\tdata-description=\"\" \n\t\t\titemprop=\"contentUrl\">\n\t\t\t<img loading=\"lazy\" src=\"https:\/\/gostilna-zerjav.com\/wp-content\/uploads\/2024\/07\/kopalnica-1024x861.jpg\" alt=\"\" data-no-lazy=\"1\" itemprop=\"thumbnail\" width=\"1024\" height=\"861\" \/>\n\t\t\t<!-- Overlay Wrapper -->\n\t\t\t <!-- Overlay Wrapper Closed -->\n\t\t\t\t<\/a>\n\t\t\t\t\t\t\t<meta itemprop=\"width\" content=\"1024\" \/>\n\t\t\t<meta itemprop=\"height\" content=\"861\" \/>\n\t<h3><strong>6 &#8211;\u00a0 Bettzimmer<\/strong><\/h3>\nAnzahl Betten: 6<br \/>\nNummer platz: 4<br \/>\nMinimale \u00dcbernachtungszahl: 1\nTyp des Betten:<br \/>\n&#8211; 1x Doppelbett (190 x 200 cm)<br \/>\n&#8211; 4x Einzelbetten (90 x 200 cm)\n<p>Ausstattung:Safe, Internet, Haartrockner, Fernsehen, Dusche.<\/p>\n\t\t\t\t<img loading=\"lazy\" src=\"https:\/\/gostilna-zerjav.com\/wp-content\/uploads\/2019\/11\/15892182-a462-4c9a-9666-5b4ad465c05a-1.jpg\" alt=\"15892182-a462-4c9a-9666-5b4ad465c05a\" itemprop=\"image\" height=\"600\" width=\"800\" title=\"15892182-a462-4c9a-9666-5b4ad465c05a\" onerror=\"this.style.display='none'\"  \/>\n\t<h3><b>Preisliste<\/b><\/h3>\n<table border=\"1\" cellspacing=\"1\" cellpadding=\"1\" align=\"center\">\n<tbody>\n<tr>\n\n\n<td>\u00a0 \u00a0 PLANICA<\/td>\n<\/tr>\n<tr>\n<td>\u00dcbernachtung<\/td>\n<td>\u00a0 \u00a0 \u00a0 \u00a0 \u00a0 \u00a0 36,60\u00a0 \u20ac<\/td>\n<td>\u00a0 \u00a0 \u00a0 \u00a0 \u00a0 \u00a0 \u00a043,90 \u20ac<\/td>\n<\/tr>\n<tr>\n<td>Kinder bis 12 Jahre<\/td>\n<td>\u00a0 \u00a0 \u00a0 \u00a0 \u00a0 \u00a0 26,30 \u20ac<\/td>\n<td>\u00a0 \u00a0 \u00a0 \u00a0 \u00a0 \u00a0 \u00a043,90 \u20ac<\/td>\n<\/tr>\n<tr>\n<td>\u00dcbernachtung mit Fr\u00fchst\u00fcck<\/td>\n<td>\u00a0 \u00a0 \u00a0 \u00a0 \u00a0 \u00a0 48,90 \u20ac<\/td>\n<td>\u00a0 \u00a0 \u00a0 \u00a0 \u00a0 \u00a0 \u00a056,30 \u20ac<\/td>\n<\/tr>\n<tr>\n<td>Halbpension<\/td>\n<td>\u00a0 \u00a0 \u00a0 \u00a0 \u00a0 \u00a0 71,10 \u20ac<\/td>\n<td>\u00a0 \u00a0 \u00a0 \u00a0 \u00a0\/\/<\/td>\n<\/tr>\n<\/tbody>\n<\/table>\n<p>&nbsp;<\/p>\n<p>Bei Barzahlung gew\u00e4hren wir Ihnen 6 % Rabatt.<\/p>\n<p>Das Angebot gilt f\u00fcr den gesamten Rechnungsbetrag<\/p>\n<p>und wird direkt beim Bezahlen abgezogen.<\/p>\n\t<strong>Im Preis inbegriffen:\u00a0<\/strong><br \/>\n&#8211; Handtuch, Endreinigung, Bettw\u00e4sche.\n<strong>Zuzahlungen:<\/strong><br \/>\n&#8211; Aufenthalt k\u00fcrzer als 2 Tage: 7,40\u20ac<br \/>\n&#8211; Haustiere\/Tag 7,50\u20ac \u20ac<br \/>\n&#8211; Tax Kurtaxe\/Person: 2 \u20ac\/Tag, Kinder: 7-18: 1 \u20ac\n\t<div role=\"form\" class=\"wpcf7\" id=\"wpcf7-f184-o1\" lang=\"sl-SI\" dir=\"ltr\">\n<div class=\"screen-reader-response\"><p role=\"status\" aria-live=\"polite\" aria-atomic=\"true\"><\/p> <ul><\/ul><\/div>\n<form action=\"\/de\/wp-json\/wp\/v2\/pages\/275#wpcf7-f184-o1\" method=\"post\" class=\"wpcf7-form init\" novalidate=\"novalidate\" data-status=\"init\">\n<div style=\"display: none;\">\n<input type=\"hidden\" name=\"_wpcf7\" value=\"184\" \/>\n<input type=\"hidden\" name=\"_wpcf7_version\" value=\"5.6.3\" \/>\n<input type=\"hidden\" name=\"_wpcf7_locale\" value=\"sl_SI\" \/>\n<input type=\"hidden\" name=\"_wpcf7_unit_tag\" value=\"wpcf7-f184-o1\" \/>\n<input type=\"hidden\" name=\"_wpcf7_container_post\" value=\"0\" \/>\n<input type=\"hidden\" name=\"_wpcf7_posted_data_hash\" value=\"\" \/>\n<\/div>\n<p>[wpml-string context=\"contact-form-prenocisca\"]<br \/>\n<h3>Preverite proste kapacitete<\/h3>\n<p>[\/wpml-string]<\/p>\n<div class=\"row\">\n<div class=\"col-lg-12\">\n      <label> [wpml-string context=\"contact-form-prenocisca\"]Ime in priimek[\/wpml-string]<br \/>\n       <span class=\"wpcf7-form-control-wrap\" data-name=\"ime-in-priimek\"><input type=\"text\" name=\"ime-in-priimek\" value=\"\" size=\"40\" class=\"wpcf7-form-control wpcf7-text wpcf7-validates-as-required\" aria-required=\"true\" aria-invalid=\"false\" \/><\/span> <\/label>\n    <\/div>\n<\/div>\n<div class=\"row\">\n<div class=\"col-lg-12\">\n        <label> [wpml-string context=\"contact-form-prenocisca\"]Va\u0161 e-naslov[\/wpml-string]<br \/>\n        <span class=\"wpcf7-form-control-wrap\" data-name=\"e-naslov\"><input type=\"email\" name=\"e-naslov\" value=\"\" size=\"40\" class=\"wpcf7-form-control wpcf7-text wpcf7-email wpcf7-validates-as-required wpcf7-validates-as-email\" aria-required=\"true\" aria-invalid=\"false\" \/><\/span> <\/label>\n     <\/div>\n<\/div>\n<div class=\"row\">\n<div class=\"col-lg-12\">\n        <label> [wpml-string context=\"contact-form-prenocisca\"]Telefon[\/wpml-string]<br \/>\n        <span class=\"wpcf7-form-control-wrap\" data-name=\"telefon\"><input type=\"tel\" name=\"telefon\" value=\"\" size=\"40\" class=\"wpcf7-form-control wpcf7-text wpcf7-tel wpcf7-validates-as-tel\" aria-invalid=\"false\" \/><\/span> <\/label>\n     <\/div>\n<\/div>\n<div class=\"row\">\n<div class=\"col-lg-6\">\n        <label> [wpml-string context=\"contact-form-prenocisca\"]Prihod[\/wpml-string]<br \/>\n        <span class=\"wpcf7-form-control-wrap\" data-name=\"prihod\"><input type=\"date\" name=\"prihod\" value=\"\" class=\"wpcf7-form-control wpcf7-date wpcf7-validates-as-required wpcf7-validates-as-date\" aria-required=\"true\" aria-invalid=\"false\" \/><\/span> <\/label>\n     <\/div>\n<div class=\"col-lg-6\">\n    <label> [wpml-string context=\"contact-form-prenocisca\"]Odhod[\/wpml-string]<br \/>\n        <span class=\"wpcf7-form-control-wrap\" data-name=\"odhod\"><input type=\"date\" name=\"odhod\" value=\"\" class=\"wpcf7-form-control wpcf7-date wpcf7-validates-as-required wpcf7-validates-as-date\" aria-required=\"true\" aria-invalid=\"false\" \/><\/span> <\/label>\n    <\/div>\n<\/div>\n<div class=\"row\">\n<div class=\"col-lg-12\">\n<label> [wpml-string context=\"contact-form-prenocisca\"]\u0160tevilo oseb[\/wpml-string] <span class=\"wpcf7-form-control-wrap\" data-name=\"stevilo-oseb\"><input type=\"number\" name=\"stevilo-oseb\" value=\"1\" class=\"wpcf7-form-control wpcf7-number wpcf7-validates-as-required wpcf7-validates-as-number\" min=\"1\" max=\"10\" aria-required=\"true\" aria-invalid=\"false\" \/><\/span><br \/>\n<\/label><\/p>\n<p><label> [wpml-string context=\"contact-form-prenocisca\"]Sporo\u010dilo[\/wpml-string]<br \/>\n    <span class=\"wpcf7-form-control-wrap\" data-name=\"sporocilo\"><textarea name=\"sporocilo\" cols=\"40\" rows=\"10\" class=\"wpcf7-form-control wpcf7-textarea\" aria-invalid=\"false\"><\/textarea><\/span> <\/label><\/p>\n<p>[wpml-string context=\"contact-form-prenocisca\"<input type=\"submit\" value=\"Po\u0161lji\" class=\"wpcf7-form-control has-spinner wpcf7-submit\" \/>[\/wpml-string]\n<\/p><\/div>\n<\/div>\n<div class=\"wpcf7-response-output\" aria-hidden=\"true\"><\/div><\/form><\/div>\n\t\t<h2>Anfrage<\/h2>\n\t\tSenden Sie uns eine Nachricht und wir werden Ihnen so schnell wie m\u00f6glich antworten!\n\t\t\t<a href=\"https:\/\/gostilna-zerjav.com\/kontakt\/\" target=\"_self\" role=\"button\" rel=\"noopener\">\n\t\t\t\t\t\t\tKONTAKT\n\t\t\t\t\t<\/a>\n\n","protected":false},"excerpt":{"rendered":"<p>ZIMMER Im Gasthaus \u017derjav bieten wir \u00dcbernachtungen in sechs gem\u00fctlich dekorierten Zimmern. Sie k\u00f6nnen bei uns auch \u00fcbernachten. Es gibt 6 Zimmer zur Verf\u00fcgung &#8211; 3 Zweibettzimmer, zwei Vierbettzimmer, und ein Sechsbettzimmer &#8211; wo es zusammen genug Platz f\u00fcr 20 Personen gibt. In allen Zimmern ist die Stimmung gem\u00fctlich. Alle Zimmer haben ihr eigenes Badezimmer,&hellip;<\/p>\n","protected":false},"author":1,"featured_media":0,"parent":0,"menu_order":0,"comment_status":"closed","ping_status":"closed","template":"","meta":[],"yoast_head":"<!-- This site is optimized with the Yoast SEO plugin v19.7.2 - https:\/\/yoast.com\/wordpress\/plugins\/seo\/ -->\n<title>Zimmer - Gosti\u0161\u010de pri \u017derjavu<\/title>\n<meta name=\"robots\" content=\"index, follow, max-snippet:-1, max-image-preview:large, max-video-preview:-1\" \/>\n<link rel=\"canonical\" href=\"https:\/\/gostilna-zerjav.com\/de\/zimmer\/\" \/>\n<meta property=\"og:locale\" content=\"de_DE\" \/>\n<meta property=\"og:type\" content=\"article\" \/>\n<meta property=\"og:title\" content=\"Zimmer - Gosti\u0161\u010de pri \u017derjavu\" \/>\n<meta property=\"og:description\" content=\"ZIMMER Im Gasthaus \u017derjav bieten wir \u00dcbernachtungen in sechs gem\u00fctlich dekorierten Zimmern. Sie k\u00f6nnen bei uns auch \u00fcbernachten. Es gibt 6 Zimmer zur Verf\u00fcgung &#8211; 3 Zweibettzimmer, zwei Vierbettzimmer, und ein Sechsbettzimmer &#8211; wo es zusammen genug Platz f\u00fcr 20 Personen gibt. In allen Zimmern ist die Stimmung gem\u00fctlich. Alle Zimmer haben ihr eigenes Badezimmer,&hellip;\" \/>\n<meta property=\"og:url\" content=\"https:\/\/gostilna-zerjav.com\/de\/zimmer\/\" \/>\n<meta property=\"og:site_name\" content=\"Gosti\u0161\u010de pri \u017derjavu\" \/>\n<meta property=\"article:modified_time\" content=\"2026-04-22T12:42:13+00:00\" \/>\n<meta property=\"og:image\" content=\"https:\/\/gostilna-zerjav.com\/wp-content\/uploads\/2019\/11\/4f4e5557-36e7-4ea3-bfb7-e56d48cccd29.jpg\" \/>\n<meta name=\"twitter:card\" content=\"summary_large_image\" \/>\n<meta name=\"twitter:label1\" content=\"Gesch\u00e4tzte Lesezeit\" \/>\n\t<meta name=\"twitter:data1\" content=\"1 Minute\" \/>\n<script type=\"application\/ld+json\" class=\"yoast-schema-graph\">{\"@context\":\"https:\/\/schema.org\",\"@graph\":[{\"@type\":\"WebPage\",\"@id\":\"https:\/\/gostilna-zerjav.com\/de\/zimmer\/\",\"url\":\"https:\/\/gostilna-zerjav.com\/de\/zimmer\/\",\"name\":\"Zimmer - Gosti\u0161\u010de pri \u017derjavu\",\"isPartOf\":{\"@id\":\"https:\/\/gostilna-zerjav.com\/de\/#website\"},\"datePublished\":\"2020-01-07T18:30:50+00:00\",\"dateModified\":\"2026-04-22T12:42:13+00:00\",\"breadcrumb\":{\"@id\":\"https:\/\/gostilna-zerjav.com\/de\/zimmer\/#breadcrumb\"},\"inLanguage\":\"de-DE\",\"potentialAction\":[{\"@type\":\"ReadAction\",\"target\":[\"https:\/\/gostilna-zerjav.com\/de\/zimmer\/\"]}]},{\"@type\":\"BreadcrumbList\",\"@id\":\"https:\/\/gostilna-zerjav.com\/de\/zimmer\/#breadcrumb\",\"itemListElement\":[{\"@type\":\"ListItem\",\"position\":1,\"name\":\"Home\",\"item\":\"https:\/\/gostilna-zerjav.com\/de\/\"},{\"@type\":\"ListItem\",\"position\":2,\"name\":\"Zimmer\"}]},{\"@type\":\"WebSite\",\"@id\":\"https:\/\/gostilna-zerjav.com\/de\/#website\",\"url\":\"https:\/\/gostilna-zerjav.com\/de\/\",\"name\":\"Gosti\u0161\u010de pri \u017derjavu\",\"description\":\"V Gosti\u0161\u010du pri \u017derjavu vam poleg specialitet doma\u010de kuhinje nudimo tudi preno\u010di\u0161\u010da v prijetno opremljenih sobah.\",\"potentialAction\":[{\"@type\":\"SearchAction\",\"target\":{\"@type\":\"EntryPoint\",\"urlTemplate\":\"https:\/\/gostilna-zerjav.com\/de\/?s={search_term_string}\"},\"query-input\":\"required name=search_term_string\"}],\"inLanguage\":\"de-DE\"}]}<\/script>\n<!-- \/ Yoast SEO plugin. -->","yoast_head_json":{"title":"Zimmer - Gosti\u0161\u010de pri \u017derjavu","robots":{"index":"index","follow":"follow","max-snippet":"max-snippet:-1","max-image-preview":"max-image-preview:large","max-video-preview":"max-video-preview:-1"},"canonical":"https:\/\/gostilna-zerjav.com\/de\/zimmer\/","og_locale":"de_DE","og_type":"article","og_title":"Zimmer - Gosti\u0161\u010de pri \u017derjavu","og_description":"ZIMMER Im Gasthaus \u017derjav bieten wir \u00dcbernachtungen in sechs gem\u00fctlich dekorierten Zimmern. Sie k\u00f6nnen bei uns auch \u00fcbernachten. Es gibt 6 Zimmer zur Verf\u00fcgung &#8211; 3 Zweibettzimmer, zwei Vierbettzimmer, und ein Sechsbettzimmer &#8211; wo es zusammen genug Platz f\u00fcr 20 Personen gibt. In allen Zimmern ist die Stimmung gem\u00fctlich. Alle Zimmer haben ihr eigenes Badezimmer,&hellip;","og_url":"https:\/\/gostilna-zerjav.com\/de\/zimmer\/","og_site_name":"Gosti\u0161\u010de pri \u017derjavu","article_modified_time":"2026-04-22T12:42:13+00:00","og_image":[{"url":"https:\/\/gostilna-zerjav.com\/wp-content\/uploads\/2019\/11\/4f4e5557-36e7-4ea3-bfb7-e56d48cccd29.jpg"}],"twitter_card":"summary_large_image","twitter_misc":{"Gesch\u00e4tzte Lesezeit":"1 Minute"},"schema":{"@context":"https:\/\/schema.org","@graph":[{"@type":"WebPage","@id":"https:\/\/gostilna-zerjav.com\/de\/zimmer\/","url":"https:\/\/gostilna-zerjav.com\/de\/zimmer\/","name":"Zimmer - Gosti\u0161\u010de pri \u017derjavu","isPartOf":{"@id":"https:\/\/gostilna-zerjav.com\/de\/#website"},"datePublished":"2020-01-07T18:30:50+00:00","dateModified":"2026-04-22T12:42:13+00:00","breadcrumb":{"@id":"https:\/\/gostilna-zerjav.com\/de\/zimmer\/#breadcrumb"},"inLanguage":"de-DE","potentialAction":[{"@type":"ReadAction","target":["https:\/\/gostilna-zerjav.com\/de\/zimmer\/"]}]},{"@type":"BreadcrumbList","@id":"https:\/\/gostilna-zerjav.com\/de\/zimmer\/#breadcrumb","itemListElement":[{"@type":"ListItem","position":1,"name":"Home","item":"https:\/\/gostilna-zerjav.com\/de\/"},{"@type":"ListItem","position":2,"name":"Zimmer"}]},{"@type":"WebSite","@id":"https:\/\/gostilna-zerjav.com\/de\/#website","url":"https:\/\/gostilna-zerjav.com\/de\/","name":"Gosti\u0161\u010de pri \u017derjavu","description":"V Gosti\u0161\u010du pri \u017derjavu vam poleg specialitet doma\u010de kuhinje nudimo tudi preno\u010di\u0161\u010da v prijetno opremljenih sobah.","potentialAction":[{"@type":"SearchAction","target":{"@type":"EntryPoint","urlTemplate":"https:\/\/gostilna-zerjav.com\/de\/?s={search_term_string}"},"query-input":"required name=search_term_string"}],"inLanguage":"de-DE"}]}},"_links":{"self":[{"href":"https:\/\/gostilna-zerjav.com\/de\/wp-json\/wp\/v2\/pages\/275"}],"collection":[{"href":"https:\/\/gostilna-zerjav.com\/de\/wp-json\/wp\/v2\/pages"}],"about":[{"href":"https:\/\/gostilna-zerjav.com\/de\/wp-json\/wp\/v2\/types\/page"}],"author":[{"embeddable":true,"href":"https:\/\/gostilna-zerjav.com\/de\/wp-json\/wp\/v2\/users\/1"}],"replies":[{"embeddable":true,"href":"https:\/\/gostilna-zerjav.com\/de\/wp-json\/wp\/v2\/comments?post=275"}],"version-history":[{"count":9,"href":"https:\/\/gostilna-zerjav.com\/de\/wp-json\/wp\/v2\/pages\/275\/revisions"}],"predecessor-version":[{"id":739,"href":"https:\/\/gostilna-zerjav.com\/de\/wp-json\/wp\/v2\/pages\/275\/revisions\/739"}],"wp:attachment":[{"href":"https:\/\/gostilna-zerjav.com\/de\/wp-json\/wp\/v2\/media?parent=275"}],"curies":[{"name":"wp","href":"https:\/\/api.w.org\/{rel}","templated":true}]}}