{"id":260,"date":"2020-01-07T19:12:10","date_gmt":"2020-01-07T18:12:10","guid":{"rendered":"https:\/\/gostilna-zerjav.com\/heim\/"},"modified":"2026-04-22T13:05:22","modified_gmt":"2026-04-22T12:05:22","slug":"heim","status":"publish","type":"page","link":"https:\/\/gostilna-zerjav.com\/de\/","title":{"rendered":"Heim"},"content":{"rendered":"\n\n\t\t<h2>\n\t\t\tGasthaus \u017derjav   \n\t\t<\/h2>\n\t\t\t\t<img loading=\"lazy\" src=\"https:\/\/gostilna-zerjav.com\/wp-content\/uploads\/2020\/01\/logotip-pri-\u017eerjavu.png\" alt=\"logotip pri \u017eerjavu\" itemprop=\"image\" height=\"424\" width=\"402\" title=\"logotip pri \u017eerjavu\" onerror=\"this.style.display='none'\"  \/>\n\t<a href=\"#kontakt\" target=\"_self\" role=\"button\" aria-label=\"KONTAKT\" rel=\"noopener\">\n\t\t\t\t\t\tKONTAKT\n\t\t\t\t\t<\/a>\n\t\t<h2>\n\t\t\tGASTHAUS \u017dERJAV &#8211; RESTAURANT UND ZIMMER\n\t\t<\/h2>\n\t<h3>Gasthaus \u017derjav bietet sowohl Spezialit\u00e4ten von der lokalen K\u00fcche als auch \u00dcbernachtungen in sechs gem\u00fctlich dekorierten Zimmern.<\/h3>\n<p>Wir laden alle Genie\u00dfer der guten Stimmung und des edlen Tropfens zu unseren reich belegten Tischen mit Gerichten\u00a0<strong>der lokalen und internationalen K\u00fcche.\u00a0<\/strong>Wir empfangen Gaste schon seit 1912, als das Gasthaus genau am diesen Platz von den urspr\u00fcnglichen Eigent\u00fcmern ge\u00f6ffnet wurde &#8211;\u00a0 Oma Ne\u017ea und Opa Lojze.<\/p>\n<p>Wir sind sehr stolz auf unsere lange Familien- und Koch- Tradition. Noch heute benutzen wir einige Rezepte und respektieren die kulinarischen Geheimnisse, die sich durch die Generationen entwickelt haben. In unsere Spezialit\u00e4ten finden sie deshalb auch\u00a0<strong>authentische Slowenische Gerichte aus lokalen Zutaten.\u00a0\u00a0<\/strong><\/p>\n<p>Wir haben gro\u00dfes Gl\u00fcck, dass wir uns in direkter N\u00e4he von Planica und Tromeja (Dreil\u00e4ndereck) befinden. Deshalb k\u00f6nnen wir im Sommer Wanderer einladen, die sich auf unserer schattenhaften Terrasse mit unseren beruhtem\u00a0<strong>frittieren H\u00e4nchen s<\/strong>tarken k\u00f6nnen. Im Winter mangelt es nicht am Gasten, die Wintersportarten genie\u00dfen &#8211; neben denen, die sich entscheiden, dass sie\u00a0<strong>die Karpfen von Rate\u010de\u00a0<\/strong>probieren mochten, auch die, die bei uns mehrere Tage verbringen. Mit Freude nutzen auch wir die nat\u00fcrlichen Gegebenheiten von Pokljuka, vor allem in Pilze Saison, wenn sie bei uns verschiede Pilze Gerichte probieren k\u00f6nnen. (Die Preise sind unverbindlich und k\u00f6nnen sich \u00e4ndern. Bitte kontaktieren Sie uns zur Best\u00e4tigung.)<\/p>\n\t<a href=\"https:\/\/gostilna-zerjav.com\/de\/gasthaus\/\" target=\"_self\" role=\"button\" aria-label=\"MENU\" rel=\"noopener\">\n\t\t\t\t\t\tMENU\n\t\t\t\t\t<\/a>\n\t\t\t\t<img loading=\"lazy\" src=\"https:\/\/gostilna-zerjav.com\/wp-content\/uploads\/2024\/03\/2dDOEz5K.png\" alt=\"Priznanje Gosti\u0161\u010du pri \u017derjavu - Recommended \" itemprop=\"image\" height=\"565\" width=\"400\" title=\"2dDOEz5K\" onerror=\"this.style.display='none'\"  \/>\n<h4>\n\t\tGasthaus \u017derjav bietet sowohl Spezialit\u00e4ten von der lokalen K\u00fcche als auch \u00dcbernachtungen in sechs gem\u00fctlich dekorierten Zimmern.\n\t<\/h4>\n\t\t<h2>\n\t\t\tMENU\n\t\t<\/h2>\n\t\t\tFISCHE UND CALAMARI\n\t\t\t\t\t\t<a href=\"\/?page_id=20\" target=\"_self\" role=\"button\" rel=\"noopener\">\n\t\t\t\t\t\t\t<\/a>\n\t\t\tSPEISEN AUF WUNSCH\n\t\t\t<p>Fertiggerichte, kalte Vorspeisen, Suppen, Salate, Desserts, Babynahrung und vieles mehr.<\/p>\n\t\t\t\t\t\t<a href=\"https:\/\/gostilna-zerjav.com\/de\/gasthaus\/\" target=\"_self\" role=\"button\" rel=\"noopener\">\n\t\t\t\tMENU\t\t\t<\/a>\n\t\t\tSPEISEN VOM GRILL\n\t\t\t\t\t\t<a href=\"\/?page_id=20\" target=\"_self\" role=\"button\" rel=\"noopener\">\n\t\t\t\t\t\t\t<\/a>\n\t\t<h2>Anfrage<\/h2>\n\t\tSenden Sie uns eine Nachricht und wir werden Ihnen so schnell wie m\u00f6glich antworten!\n\t\t\t<a href=\"https:\/\/gostilna-zerjav.com\/kontakt\/\" target=\"_self\" role=\"button\" rel=\"noopener\">\n\t\t\t\t\t\t\tKONTAKT\n\t\t\t\t\t<\/a>\n\t\t<h2>\n\t\t\tNACHRICHTEN\n\t\t<\/h2>\n\t\t<p>Entschuldigung, wir konnten keine Beitr\u00e4ge finden. Bitte versuchen Sie es mit einer anderen Suche.<\/p>\n\t\t\t\t<form aria-label=\"Suchen\" method=\"get\" role=\"search\" action=\"https:\/\/gostilna-zerjav.com\/de\/\" title=\"Suchbegriff hier eingeben ...\">\n\t<input aria-label=\"Suchen\" type=\"search\" name=\"s\" placeholder=\"Suche\"  value=\"\" onfocus=\"if (this.value === 'Suche') { this.value = ''; }\" onblur=\"if (this.value === '') this.value='Suche';\" \/>\n<\/form>\n\t\t<h2>\n\t\t\tZIMMER\n\t\t<\/h2>\n\t\t\t\t\t\t\t\t\t<img loading=\"lazy\" src=\"https:\/\/gostilna-zerjav.com\/wp-content\/uploads\/2019\/11\/656f9a91-9f40-46b0-a95b-0f33d55722e7.jpg\" alt=\"656f9a91-9f40-46b0-a95b-0f33d55722e7\" itemprop=\"image\" height=\"600\" width=\"800\" srcset=\"https:\/\/gostilna-zerjav.com\/wp-content\/uploads\/2019\/11\/656f9a91-9f40-46b0-a95b-0f33d55722e7.jpg 800w, https:\/\/gostilna-zerjav.com\/wp-content\/uploads\/2019\/11\/656f9a91-9f40-46b0-a95b-0f33d55722e7-300x225.jpg 300w, https:\/\/gostilna-zerjav.com\/wp-content\/uploads\/2019\/11\/656f9a91-9f40-46b0-a95b-0f33d55722e7-768x576.jpg 768w, https:\/\/gostilna-zerjav.com\/wp-content\/uploads\/2019\/11\/656f9a91-9f40-46b0-a95b-0f33d55722e7-600x450.jpg 600w\" sizes=\"(max-width: 800px) 100vw, 800px\" title=\"656f9a91-9f40-46b0-a95b-0f33d55722e7\" onerror=\"this.style.display='none'\"  \/>\n\t\t\t\t\t\t\t\t\t<img loading=\"lazy\" src=\"https:\/\/gostilna-zerjav.com\/wp-content\/uploads\/2019\/11\/a135f348-6cb2-4670-9a1b-371297d04dd5.jpg\" alt=\"a135f348-6cb2-4670-9a1b-371297d04dd5\" itemprop=\"image\" height=\"600\" width=\"800\" srcset=\"https:\/\/gostilna-zerjav.com\/wp-content\/uploads\/2019\/11\/a135f348-6cb2-4670-9a1b-371297d04dd5.jpg 800w, https:\/\/gostilna-zerjav.com\/wp-content\/uploads\/2019\/11\/a135f348-6cb2-4670-9a1b-371297d04dd5-300x225.jpg 300w, https:\/\/gostilna-zerjav.com\/wp-content\/uploads\/2019\/11\/a135f348-6cb2-4670-9a1b-371297d04dd5-768x576.jpg 768w, https:\/\/gostilna-zerjav.com\/wp-content\/uploads\/2019\/11\/a135f348-6cb2-4670-9a1b-371297d04dd5-600x450.jpg 600w\" sizes=\"(max-width: 800px) 100vw, 800px\" title=\"a135f348-6cb2-4670-9a1b-371297d04dd5\" onerror=\"this.style.display='none'\"  \/>\n\t\t\t\t\t\t\t\t\t<img loading=\"lazy\" src=\"https:\/\/gostilna-zerjav.com\/wp-content\/uploads\/2019\/11\/94d13a8f-e371-4c17-af45-26ef65f51d25.jpg\" alt=\"94d13a8f-e371-4c17-af45-26ef65f51d25\" itemprop=\"image\" height=\"600\" width=\"800\" srcset=\"https:\/\/gostilna-zerjav.com\/wp-content\/uploads\/2019\/11\/94d13a8f-e371-4c17-af45-26ef65f51d25.jpg 800w, https:\/\/gostilna-zerjav.com\/wp-content\/uploads\/2019\/11\/94d13a8f-e371-4c17-af45-26ef65f51d25-300x225.jpg 300w, https:\/\/gostilna-zerjav.com\/wp-content\/uploads\/2019\/11\/94d13a8f-e371-4c17-af45-26ef65f51d25-768x576.jpg 768w, https:\/\/gostilna-zerjav.com\/wp-content\/uploads\/2019\/11\/94d13a8f-e371-4c17-af45-26ef65f51d25-600x450.jpg 600w\" sizes=\"(max-width: 800px) 100vw, 800px\" title=\"94d13a8f-e371-4c17-af45-26ef65f51d25\" onerror=\"this.style.display='none'\"  \/>\n\t<a href=\"https:\/\/gostilna-zerjav.com\/de\/zimmer\/\" target=\"_self\" role=\"button\" aria-label=\"MEHR INFORMATIONEN\" rel=\"noopener\">\n\t\t\t\t\t\tMEHR INFORMATIONEN\n\t\t\t\t\t<\/a>\n\t\t<h2>\n\t\t\tKONTAKT\n\t\t<\/h2>\n<form>\n\t<input type=\"hidden\" name=\"fl-layout-id\" value=\"260\" \/>\n    \t\t<label for=\"pp-name-\">Name<\/label>\n    \t\tBitte gib Deinen Namen ein.\n    \t\t<input type=\"text\" name=\"pp-name\" id=\"pp-name-\" value=\"\" placeholder=\"Name\"  \/>\n    \t\t<label for=\"pp-email-\">E-mail adresse<\/label>\n    \t\tBitte gib eine valide E-Mail Adresse an.\n    \t\t<input type=\"email\" name=\"pp-email\" id=\"pp-email-\" value=\"\" placeholder=\"E-mail adresse\"  \/>\n    \t\t<label for=\"pp-phone-\">Telefon<\/label>\n    \t\tBitte gib eine g\u00fcltige Telefonnummer an.\n    \t\t<input type=\"tel\" name=\"pp-phone\" id=\"pp-phone-\" value=\"\" placeholder=\"Telefon\"  \/>\n    \t\t<label for=\"pp-message-\">Mitteilung<\/label>\n    \t\tPlease type your message.\n    \t\t<textarea name=\"pp-message\" id=\"pp-message-\" placeholder=\"Mitteilung\"><\/textarea>\n    \t<a href=\"#\" target=\"_self\" role=\"button\" rel=\"noopener\">\n    \t\t    \t\t    \t\tSENDEN\n    \t\t    \t\t    \t<\/a>\n\t\t\tMessage failed. Please try again.\n<\/form>\n  <p>Vielen Dank f\u00fcr die Nachricht, wir werden uns so schnell wie m\u00f6glich bei Ihnen melden!<\/p>\n\t<iframe src=\"https:\/\/www.google.com\/maps\/embed\/v1\/place?q=Rate%C4%8De+39%2C+4283+Rate%C4%8De+%E2%80%93+Planica&#038;key=AIzaSyD09zQ9PNDNNy9TadMuzRV_UsPUoWKntt8\" aria-hidden=\"true\"><\/iframe>\n\n","protected":false},"excerpt":{"rendered":"<p>Gasthaus \u017derjav KONTAKT GASTHAUS \u017dERJAV &#8211; RESTAURANT UND ZIMMER Gasthaus \u017derjav bietet sowohl Spezialit\u00e4ten von der lokalen K\u00fcche als auch \u00dcbernachtungen in sechs gem\u00fctlich dekorierten Zimmern. Wir laden alle Genie\u00dfer der guten Stimmung und des edlen Tropfens zu unseren reich belegten Tischen mit Gerichten\u00a0der lokalen und internationalen K\u00fcche.\u00a0Wir empfangen Gaste schon seit 1912, als das&hellip;<\/p>\n","protected":false},"author":1,"featured_media":0,"parent":0,"menu_order":0,"comment_status":"closed","ping_status":"closed","template":"","meta":[],"yoast_head":"<!-- This site is optimized with the Yoast SEO plugin v19.7.2 - https:\/\/yoast.com\/wordpress\/plugins\/seo\/ -->\n<title>Gasthaus \u017derjav - Rate\u010de-Planica<\/title>\n<meta name=\"description\" content=\"Gasthaus \u017derjav bietet sowohl Spezialit\u00e4ten von der lokalen K\u00fcche als auch \u00dcbernachtungen in sechs gem\u00fctlich dekorierten Zimmern.\" \/>\n<meta name=\"robots\" content=\"index, follow, max-snippet:-1, max-image-preview:large, max-video-preview:-1\" \/>\n<link rel=\"canonical\" href=\"https:\/\/gostilna-zerjav.com\/de\/\" \/>\n<meta property=\"og:locale\" content=\"de_DE\" \/>\n<meta property=\"og:type\" content=\"article\" \/>\n<meta property=\"og:title\" content=\"Gasthaus \u017derjav - Rate\u010de-Planica\" \/>\n<meta property=\"og:description\" content=\"Gasthaus \u017derjav bietet sowohl Spezialit\u00e4ten von der lokalen K\u00fcche als auch \u00dcbernachtungen in sechs gem\u00fctlich dekorierten Zimmern.\" \/>\n<meta property=\"og:url\" content=\"https:\/\/gostilna-zerjav.com\/de\/\" \/>\n<meta property=\"og:site_name\" content=\"Gosti\u0161\u010de pri \u017derjavu\" \/>\n<meta property=\"article:modified_time\" content=\"2026-04-22T12:05:22+00:00\" \/>\n<meta property=\"og:image\" content=\"https:\/\/gostilna-zerjav.com\/wp-content\/uploads\/2024\/03\/2dDOEz5K.png\" \/>\n<meta name=\"twitter:card\" content=\"summary_large_image\" \/>\n<meta name=\"twitter:label1\" content=\"Gesch\u00e4tzte Lesezeit\" \/>\n\t<meta name=\"twitter:data1\" content=\"2 Minuten\" \/>\n<script type=\"application\/ld+json\" class=\"yoast-schema-graph\">{\"@context\":\"https:\/\/schema.org\",\"@graph\":[{\"@type\":\"WebPage\",\"@id\":\"https:\/\/gostilna-zerjav.com\/de\/\",\"url\":\"https:\/\/gostilna-zerjav.com\/de\/\",\"name\":\"Gasthaus \u017derjav - Rate\u010de-Planica\",\"isPartOf\":{\"@id\":\"https:\/\/gostilna-zerjav.com\/de\/#website\"},\"datePublished\":\"2020-01-07T18:12:10+00:00\",\"dateModified\":\"2026-04-22T12:05:22+00:00\",\"description\":\"Gasthaus \u017derjav bietet sowohl Spezialit\u00e4ten von der lokalen K\u00fcche als auch \u00dcbernachtungen in sechs gem\u00fctlich dekorierten Zimmern.\",\"breadcrumb\":{\"@id\":\"https:\/\/gostilna-zerjav.com\/de\/#breadcrumb\"},\"inLanguage\":\"de-DE\",\"potentialAction\":[{\"@type\":\"ReadAction\",\"target\":[\"https:\/\/gostilna-zerjav.com\/de\/\"]}]},{\"@type\":\"BreadcrumbList\",\"@id\":\"https:\/\/gostilna-zerjav.com\/de\/#breadcrumb\",\"itemListElement\":[{\"@type\":\"ListItem\",\"position\":1,\"name\":\"Home\",\"item\":\"https:\/\/gostilna-zerjav.com\/de\/\"},{\"@type\":\"ListItem\",\"position\":2,\"name\":\"Heim\"}]},{\"@type\":\"WebSite\",\"@id\":\"https:\/\/gostilna-zerjav.com\/de\/#website\",\"url\":\"https:\/\/gostilna-zerjav.com\/de\/\",\"name\":\"Gosti\u0161\u010de pri \u017derjavu\",\"description\":\"V Gosti\u0161\u010du pri \u017derjavu vam poleg specialitet doma\u010de kuhinje nudimo tudi preno\u010di\u0161\u010da v prijetno opremljenih sobah.\",\"potentialAction\":[{\"@type\":\"SearchAction\",\"target\":{\"@type\":\"EntryPoint\",\"urlTemplate\":\"https:\/\/gostilna-zerjav.com\/de\/?s={search_term_string}\"},\"query-input\":\"required name=search_term_string\"}],\"inLanguage\":\"de-DE\"}]}<\/script>\n<!-- \/ Yoast SEO plugin. -->","yoast_head_json":{"title":"Gasthaus \u017derjav - Rate\u010de-Planica","description":"Gasthaus \u017derjav bietet sowohl Spezialit\u00e4ten von der lokalen K\u00fcche als auch \u00dcbernachtungen in sechs gem\u00fctlich dekorierten Zimmern.","robots":{"index":"index","follow":"follow","max-snippet":"max-snippet:-1","max-image-preview":"max-image-preview:large","max-video-preview":"max-video-preview:-1"},"canonical":"https:\/\/gostilna-zerjav.com\/de\/","og_locale":"de_DE","og_type":"article","og_title":"Gasthaus \u017derjav - Rate\u010de-Planica","og_description":"Gasthaus \u017derjav bietet sowohl Spezialit\u00e4ten von der lokalen K\u00fcche als auch \u00dcbernachtungen in sechs gem\u00fctlich dekorierten Zimmern.","og_url":"https:\/\/gostilna-zerjav.com\/de\/","og_site_name":"Gosti\u0161\u010de pri \u017derjavu","article_modified_time":"2026-04-22T12:05:22+00:00","og_image":[{"url":"https:\/\/gostilna-zerjav.com\/wp-content\/uploads\/2024\/03\/2dDOEz5K.png"}],"twitter_card":"summary_large_image","twitter_misc":{"Gesch\u00e4tzte Lesezeit":"2 Minuten"},"schema":{"@context":"https:\/\/schema.org","@graph":[{"@type":"WebPage","@id":"https:\/\/gostilna-zerjav.com\/de\/","url":"https:\/\/gostilna-zerjav.com\/de\/","name":"Gasthaus \u017derjav - Rate\u010de-Planica","isPartOf":{"@id":"https:\/\/gostilna-zerjav.com\/de\/#website"},"datePublished":"2020-01-07T18:12:10+00:00","dateModified":"2026-04-22T12:05:22+00:00","description":"Gasthaus \u017derjav bietet sowohl Spezialit\u00e4ten von der lokalen K\u00fcche als auch \u00dcbernachtungen in sechs gem\u00fctlich dekorierten Zimmern.","breadcrumb":{"@id":"https:\/\/gostilna-zerjav.com\/de\/#breadcrumb"},"inLanguage":"de-DE","potentialAction":[{"@type":"ReadAction","target":["https:\/\/gostilna-zerjav.com\/de\/"]}]},{"@type":"BreadcrumbList","@id":"https:\/\/gostilna-zerjav.com\/de\/#breadcrumb","itemListElement":[{"@type":"ListItem","position":1,"name":"Home","item":"https:\/\/gostilna-zerjav.com\/de\/"},{"@type":"ListItem","position":2,"name":"Heim"}]},{"@type":"WebSite","@id":"https:\/\/gostilna-zerjav.com\/de\/#website","url":"https:\/\/gostilna-zerjav.com\/de\/","name":"Gosti\u0161\u010de pri \u017derjavu","description":"V Gosti\u0161\u010du pri \u017derjavu vam poleg specialitet doma\u010de kuhinje nudimo tudi preno\u010di\u0161\u010da v prijetno opremljenih sobah.","potentialAction":[{"@type":"SearchAction","target":{"@type":"EntryPoint","urlTemplate":"https:\/\/gostilna-zerjav.com\/de\/?s={search_term_string}"},"query-input":"required name=search_term_string"}],"inLanguage":"de-DE"}]}},"_links":{"self":[{"href":"https:\/\/gostilna-zerjav.com\/de\/wp-json\/wp\/v2\/pages\/260"}],"collection":[{"href":"https:\/\/gostilna-zerjav.com\/de\/wp-json\/wp\/v2\/pages"}],"about":[{"href":"https:\/\/gostilna-zerjav.com\/de\/wp-json\/wp\/v2\/types\/page"}],"author":[{"embeddable":true,"href":"https:\/\/gostilna-zerjav.com\/de\/wp-json\/wp\/v2\/users\/1"}],"replies":[{"embeddable":true,"href":"https:\/\/gostilna-zerjav.com\/de\/wp-json\/wp\/v2\/comments?post=260"}],"version-history":[{"count":20,"href":"https:\/\/gostilna-zerjav.com\/de\/wp-json\/wp\/v2\/pages\/260\/revisions"}],"predecessor-version":[{"id":735,"href":"https:\/\/gostilna-zerjav.com\/de\/wp-json\/wp\/v2\/pages\/260\/revisions\/735"}],"wp:attachment":[{"href":"https:\/\/gostilna-zerjav.com\/de\/wp-json\/wp\/v2\/media?parent=260"}],"curies":[{"name":"wp","href":"https:\/\/api.w.org\/{rel}","templated":true}]}}